{"id":3061,"date":"2020-07-13T17:04:29","date_gmt":"2020-07-13T15:04:29","guid":{"rendered":"https:\/\/cienfuegos.fr\/?post_type=product&#038;p=3061"},"modified":"2020-10-14T14:37:43","modified_gmt":"2020-10-14T12:37:43","slug":"amor-invertido","status":"publish","type":"product","link":"https:\/\/cienfuegos.fr\/index.php\/product\/amor-invertido\/","title":{"rendered":"Amor invertido"},"content":{"rendered":"","protected":false},"excerpt":{"rendered":"<p>Autor: Saccomano, Guillermo; Garc\u00eda Lao, Fernanda<br \/>\nEditorial: Seix Barral<br \/>\nA\u00f1o de publicaci\u00f3n: 2015<br \/>\nN\u00famero de p\u00e1ginas: 192<br \/>\nI.S.B.N:<\/p>\n<p>Esta es una novela de cojer. El lenguaje no es inocente. Podr\u00eda presentarse como un relato er\u00f3tico, pero va m\u00e1s all\u00e1. Pivoteando sobre las convenciones de la literatura libertina, Amor invertido se plantea a la vez como historia de amor desgarrado y desaf\u00edo. Amor invertido es un deslizamiento er\u00f3tico entre dos cuerpos, dos siglos, dos g\u00e9neros. Fin del XIX: intercambio de ep\u00edstolas voluptuosas. Tras un experimento quir\u00fargico, Guillemette y Fernand huyen de Par\u00eds con los corazones cambiados. Siglo XX: la traves\u00eda exterior ha concluido. Los hechos se oscurecen; en lugar de orgasmos, jeringas. La \u00e9pica carnal es alternancia de conciencia y pesadillas, avidez vehemente por el cuerpo del otro. Que Guill\u00f2 tenga coraz\u00f3n de hombre y Fernand coraz\u00f3n de mujer los arroja en una b\u00fasqueda desenfrenada del goce y la superaci\u00f3n de las represiones que impone la moral burguesa. Imp\u00fadica, como la lengua de los amantes en la intimidad de una alcoba, Garc\u00eda Lao y Saccomanno nos entregan una novela poderosa y sorprendente que enfrenta los prejuicios y exacerba los sentimientos acerca del bien y el mal, el goce y el castigo.<\/p>\n","protected":false},"featured_media":5226,"comment_status":"closed","ping_status":"closed","template":"","meta":[],"class_list":{"0":"post-3061","1":"product","2":"type-product","3":"status-publish","4":"has-post-thumbnail","6":"product_cat-narrativa","7":"post","9":"first","10":"onbackorder","11":"taxable","12":"shipping-taxable","13":"purchasable","14":"product-type-simple"},"_links":{"self":[{"href":"https:\/\/cienfuegos.fr\/index.php\/wp-json\/wp\/v2\/product\/3061","targetHints":{"allow":["GET"]}}],"collection":[{"href":"https:\/\/cienfuegos.fr\/index.php\/wp-json\/wp\/v2\/product"}],"about":[{"href":"https:\/\/cienfuegos.fr\/index.php\/wp-json\/wp\/v2\/types\/product"}],"replies":[{"embeddable":true,"href":"https:\/\/cienfuegos.fr\/index.php\/wp-json\/wp\/v2\/comments?post=3061"}],"wp:featuredmedia":[{"embeddable":true,"href":"https:\/\/cienfuegos.fr\/index.php\/wp-json\/wp\/v2\/media\/5226"}],"wp:attachment":[{"href":"https:\/\/cienfuegos.fr\/index.php\/wp-json\/wp\/v2\/media?parent=3061"}],"curies":[{"name":"wp","href":"https:\/\/api.w.org\/{rel}","templated":true}]}}