{"id":3060,"date":"2020-07-13T17:04:27","date_gmt":"2020-07-13T15:04:27","guid":{"rendered":"https:\/\/cienfuegos.fr\/?post_type=product&#038;p=3060"},"modified":"2020-09-05T20:57:33","modified_gmt":"2020-09-05T18:57:33","slug":"habana-ano-cero","status":"publish","type":"product","link":"https:\/\/cienfuegos.fr\/index.php\/product\/habana-ano-cero\/","title":{"rendered":"Habana a\u00f1o cero"},"content":{"rendered":"","protected":false},"excerpt":{"rendered":"<p>Autor: Su\u00e1rez, Karla<br \/>\nEditorial: Ediciones Uni\u00f3n<br \/>\nA\u00f1o de publicaci\u00f3n: 2016<br \/>\nN\u00famero de p\u00e1ginas:248<br \/>\nI.S.B.N : 978-9593082044<\/p>\n<p>B\u00e1sicamente, la trama se centra en la figura del genio italiano Antonio Meucci (13 de abril de 1808, Florencia, Italia-8 de octubre de 1889, Staten Island, Nueva York), inventor del tel\u00e9fono mientras trabajaba justamente en un teatro habanero, a quien le fue escamoteado dicho m\u00e9rito hasta el a\u00f1o 2002. Alrededor del descubrimiento de Meucci, o mejor, debido a diferentes ambiciones que oscilan entre intereses puramente cient\u00edficos o literarios, y la posible obtenci\u00f3n de dividendos econ\u00f3micos, se mueve una constelaci\u00f3n de individuos perfectamente delineados por la autora de la novela. Un profesor de Matem\u00e1ticas (Euclides), un aspirante a escritor (Leonardo), un conquistador bueno para nada (\u00c1ngel), una pseudoitaliana (B\u00e1rbara) y una joven cient\u00edfica (Julia), persiguen el mismo objetivo: hallar el documento original que demuestra que fue Meucci y no Bell quien invent\u00f3 el aparato m\u00e1s tarde conocido como tel\u00e9fono. Para ello, acuden a triqui\u00f1uelas de diverso estalaje, se enamoran, se separan, se traicionan y se aman a manera de saltos en un acr\u00f3stico, seg\u00fan vayan encontrando o desechando teor\u00edas, conspiraciones. Todos resultan inocentes y ma\u00f1osos, todos mienten, planean ejercicios que al cabo se frustran, al estilo de una serpiente que muerde su propia cola.su autora.Karla Su\u00e1rez (La Habana, Cuba, 28 de octubre de 1969) es una narradora cubana y es graduada de ingenier\u00eda electr\u00f3nica.<\/p>\n","protected":false},"featured_media":5433,"comment_status":"closed","ping_status":"closed","template":"","meta":[],"class_list":{"0":"post-3060","1":"product","2":"type-product","3":"status-publish","4":"has-post-thumbnail","6":"product_cat-narrativa","7":"post","9":"first","10":"instock","11":"taxable","12":"shipping-taxable","13":"purchasable","14":"product-type-simple"},"_links":{"self":[{"href":"https:\/\/cienfuegos.fr\/index.php\/wp-json\/wp\/v2\/product\/3060","targetHints":{"allow":["GET"]}}],"collection":[{"href":"https:\/\/cienfuegos.fr\/index.php\/wp-json\/wp\/v2\/product"}],"about":[{"href":"https:\/\/cienfuegos.fr\/index.php\/wp-json\/wp\/v2\/types\/product"}],"replies":[{"embeddable":true,"href":"https:\/\/cienfuegos.fr\/index.php\/wp-json\/wp\/v2\/comments?post=3060"}],"wp:featuredmedia":[{"embeddable":true,"href":"https:\/\/cienfuegos.fr\/index.php\/wp-json\/wp\/v2\/media\/5433"}],"wp:attachment":[{"href":"https:\/\/cienfuegos.fr\/index.php\/wp-json\/wp\/v2\/media?parent=3060"}],"curies":[{"name":"wp","href":"https:\/\/api.w.org\/{rel}","templated":true}]}}