{"id":3058,"date":"2020-07-13T17:04:25","date_gmt":"2020-07-13T15:04:25","guid":{"rendered":"https:\/\/cienfuegos.fr\/?post_type=product&#038;p=3058"},"modified":"2020-09-05T21:04:13","modified_gmt":"2020-09-05T19:04:13","slug":"tres-novelas-breves","status":"publish","type":"product","link":"https:\/\/cienfuegos.fr\/index.php\/product\/tres-novelas-breves\/","title":{"rendered":"Tres novelas breves"},"content":{"rendered":"","protected":false},"excerpt":{"rendered":"<p>Autor: Couve, Adolfo<br \/>\nEditorial: Blatt y R\u00edos<br \/>\nA\u00f1o de publicaci\u00f3n: 2016<br \/>\nN\u00famero de p\u00e1ginas: 240<br \/>\nI.S.B.N : 9789873616570<\/p>\n<p>Este volumen incluye \u00abAlamiro\u00bb, \u00abLa lecci\u00f3n de pintura\u00bb y \u00abLa comedia del arte\u00bb, tres de las mejores piezas narrativas de Adolfo Couve. \u00abAlamiro\u00bb es una novela de aprendizaje, fechada en 1965; est\u00e1 compuesta por una serie de escenas de infancia recuperadas por una voz adulta. \u00abLa lecci\u00f3n de pintura\u00bb es de 1979, cuando ya Couve hab\u00eda abandonado la pintura, y narra el nacimiento de la vocaci\u00f3n pict\u00f3rica de un ni\u00f1o.\u00bbLa comedia del arte\u00bb, de 1995, instala la narraci\u00f3n en la ciudad balnearia de Cartagena, y es una historia de amor entre un pintor y su modelo.<\/p>\n","protected":false},"featured_media":4795,"comment_status":"closed","ping_status":"closed","template":"","meta":[],"class_list":{"0":"post-3058","1":"product","2":"type-product","3":"status-publish","4":"has-post-thumbnail","6":"product_cat-narrativa","7":"post","9":"first","10":"instock","11":"taxable","12":"shipping-taxable","13":"purchasable","14":"product-type-simple"},"_links":{"self":[{"href":"https:\/\/cienfuegos.fr\/index.php\/wp-json\/wp\/v2\/product\/3058","targetHints":{"allow":["GET"]}}],"collection":[{"href":"https:\/\/cienfuegos.fr\/index.php\/wp-json\/wp\/v2\/product"}],"about":[{"href":"https:\/\/cienfuegos.fr\/index.php\/wp-json\/wp\/v2\/types\/product"}],"replies":[{"embeddable":true,"href":"https:\/\/cienfuegos.fr\/index.php\/wp-json\/wp\/v2\/comments?post=3058"}],"wp:featuredmedia":[{"embeddable":true,"href":"https:\/\/cienfuegos.fr\/index.php\/wp-json\/wp\/v2\/media\/4795"}],"wp:attachment":[{"href":"https:\/\/cienfuegos.fr\/index.php\/wp-json\/wp\/v2\/media?parent=3058"}],"curies":[{"name":"wp","href":"https:\/\/api.w.org\/{rel}","templated":true}]}}