{"id":3057,"date":"2020-07-13T17:04:23","date_gmt":"2020-07-13T15:04:23","guid":{"rendered":"https:\/\/cienfuegos.fr\/?post_type=product&#038;p=3057"},"modified":"2020-09-05T21:14:37","modified_gmt":"2020-09-05T19:14:37","slug":"dano-colateral","status":"publish","type":"product","link":"https:\/\/cienfuegos.fr\/index.php\/product\/dano-colateral\/","title":{"rendered":"Da\u00f1o colateral"},"content":{"rendered":"","protected":false},"excerpt":{"rendered":"<p>Autor: Fihman, Mar\u00eda<br \/>\nEditorial: Ediciones B<br \/>\nA\u00f1o de publicaci\u00f3n: 2017<br \/>\nN\u00famero de p\u00e1ginas: 256<br \/>\nI.S.B.N:<\/p>\n<p>Un crimen siempre deja huellas, pero estos indicios suelen diluirse cuando el contexto est\u00e1 lleno de corrupci\u00f3n, cuando la inocencia es una consecuencia de la mentira y la traici\u00f3n es el arma que se esgrime todos los d\u00edas. En Venezuela cualquiera puede darse por muerto cuando tiene al r\u00e9gimen en su contra; \u00e9ste es el caso de un ni\u00f1o desaparecido diez a\u00f1os atr\u00e1s. Sin embargo, hay indicios de que sigue con vida.<\/p>\n","protected":false},"featured_media":5275,"comment_status":"closed","ping_status":"closed","template":"","meta":[],"class_list":{"0":"post-3057","1":"product","2":"type-product","3":"status-publish","4":"has-post-thumbnail","6":"product_cat-narrativa","7":"post","9":"first","10":"instock","11":"taxable","12":"shipping-taxable","13":"purchasable","14":"product-type-simple"},"_links":{"self":[{"href":"https:\/\/cienfuegos.fr\/index.php\/wp-json\/wp\/v2\/product\/3057","targetHints":{"allow":["GET"]}}],"collection":[{"href":"https:\/\/cienfuegos.fr\/index.php\/wp-json\/wp\/v2\/product"}],"about":[{"href":"https:\/\/cienfuegos.fr\/index.php\/wp-json\/wp\/v2\/types\/product"}],"replies":[{"embeddable":true,"href":"https:\/\/cienfuegos.fr\/index.php\/wp-json\/wp\/v2\/comments?post=3057"}],"wp:featuredmedia":[{"embeddable":true,"href":"https:\/\/cienfuegos.fr\/index.php\/wp-json\/wp\/v2\/media\/5275"}],"wp:attachment":[{"href":"https:\/\/cienfuegos.fr\/index.php\/wp-json\/wp\/v2\/media?parent=3057"}],"curies":[{"name":"wp","href":"https:\/\/api.w.org\/{rel}","templated":true}]}}