{"id":3053,"date":"2020-07-13T17:04:16","date_gmt":"2020-07-13T15:04:16","guid":{"rendered":"https:\/\/cienfuegos.fr\/?post_type=product&#038;p=3053"},"modified":"2020-09-05T21:27:42","modified_gmt":"2020-09-05T19:27:42","slug":"tropismos","status":"publish","type":"product","link":"https:\/\/cienfuegos.fr\/index.php\/product\/tropismos\/","title":{"rendered":"Tropismos"},"content":{"rendered":"","protected":false},"excerpt":{"rendered":"<p>Autor: Sarraute, Nathalie<br \/>\nEditorial: Tusquets<br \/>\nA\u00f1o de publicaci\u00f3n: 1986<br \/>\nN\u00famero de p\u00e1ginas: 144<br \/>\nI.S.B.N:<\/p>\n<p>Perfecto estado. Los tropismos son esos movimientos apenas voluntarios y subterr\u00e1neos donde se originan los comportamientos, las sensaciones, los actos ; son esas vibraciones imperceptibles, esas impresiones innombrables que modifican las relaciones entre los seres humanos y se reflejan en sus m\u00e1s cotidianas reacciones, en sus gestos m\u00e1s corrientes. La incorporaci\u00f3n de este t\u00e9rmino, tomado del vocabulario cient\u00edfico, al horizonte de la literatura, constituye el gran empe\u00f1o y el gran logro de la obra toda de Nathalie Sarraute. Es ella quien, con penetrante y rigurosa atenci\u00f3n, dotada de un lenguaje implacable y sutil, ha dado expresi\u00f3n literaria a estas derivas, situadas en la frontera misma de lo fisiol\u00f3gico con lo psicol\u00f3gico. Los veinticuatro episodios que integran este volumen son un modelo de las posibilidades contenidas en una expresi\u00f3n de este tipo. Ni poes\u00eda en prosa, ni prosa po\u00e9tica : un nuevo molde donde se vierte un estilo de insospechada fuerza, precisi\u00f3n e intensidad.<\/p>\n","protected":false},"featured_media":4790,"comment_status":"closed","ping_status":"closed","template":"","meta":[],"class_list":{"0":"post-3053","1":"product","2":"type-product","3":"status-publish","4":"has-post-thumbnail","6":"product_cat-poesia","7":"post","9":"first","10":"instock","11":"taxable","12":"shipping-taxable","13":"purchasable","14":"product-type-simple"},"_links":{"self":[{"href":"https:\/\/cienfuegos.fr\/index.php\/wp-json\/wp\/v2\/product\/3053","targetHints":{"allow":["GET"]}}],"collection":[{"href":"https:\/\/cienfuegos.fr\/index.php\/wp-json\/wp\/v2\/product"}],"about":[{"href":"https:\/\/cienfuegos.fr\/index.php\/wp-json\/wp\/v2\/types\/product"}],"replies":[{"embeddable":true,"href":"https:\/\/cienfuegos.fr\/index.php\/wp-json\/wp\/v2\/comments?post=3053"}],"wp:featuredmedia":[{"embeddable":true,"href":"https:\/\/cienfuegos.fr\/index.php\/wp-json\/wp\/v2\/media\/4790"}],"wp:attachment":[{"href":"https:\/\/cienfuegos.fr\/index.php\/wp-json\/wp\/v2\/media?parent=3053"}],"curies":[{"name":"wp","href":"https:\/\/api.w.org\/{rel}","templated":true}]}}