{"id":3051,"date":"2020-07-13T17:04:13","date_gmt":"2020-07-13T15:04:13","guid":{"rendered":"https:\/\/cienfuegos.fr\/?post_type=product&#038;p=3051"},"modified":"2020-09-05T21:31:45","modified_gmt":"2020-09-05T19:31:45","slug":"guia-triste-de-paris","status":"publish","type":"product","link":"https:\/\/cienfuegos.fr\/index.php\/product\/guia-triste-de-paris\/","title":{"rendered":"Gu\u00eda triste de Par\u00eds"},"content":{"rendered":"","protected":false},"excerpt":{"rendered":"<p>Usado. Autor: Bryce Echenique, Alfredo<br \/>\nEditorial: Booket<br \/>\nA\u00f1o de publicaci\u00f3n: 2002<br \/>\nN\u00famero de p\u00e1ginas: 240<br \/>\nI.S.B.N:<\/p>\n<p>\u00abGu\u00eda triste de Par\u00eds\u00bb es una excelente muestra de su reconocido talento para recrear el mundo. Tomando materiales de ambos lados de la frontera que separa realidad y ficci\u00f3n, Bryce nos entrega catorce historias en las que suprime limpiamente las barreras entre lo que fue y lo que pudo o debi\u00f3 ser. Una operaci\u00f3n que realiza con total naturalidad, pues, como \u00e9l mismo confiesa, suele dejar a la fantas\u00eda \u00abentrar y circular libremente por donde le d\u00e9 su real gana, en cualquier circunstancia o momento, incluso dormido\u00bb.<\/p>\n","protected":false},"featured_media":5432,"comment_status":"closed","ping_status":"closed","template":"","meta":[],"class_list":{"0":"post-3051","1":"product","2":"type-product","3":"status-publish","4":"has-post-thumbnail","6":"product_cat-narrativa","7":"post","9":"first","10":"instock","11":"taxable","12":"shipping-taxable","13":"purchasable","14":"product-type-simple"},"_links":{"self":[{"href":"https:\/\/cienfuegos.fr\/index.php\/wp-json\/wp\/v2\/product\/3051","targetHints":{"allow":["GET"]}}],"collection":[{"href":"https:\/\/cienfuegos.fr\/index.php\/wp-json\/wp\/v2\/product"}],"about":[{"href":"https:\/\/cienfuegos.fr\/index.php\/wp-json\/wp\/v2\/types\/product"}],"replies":[{"embeddable":true,"href":"https:\/\/cienfuegos.fr\/index.php\/wp-json\/wp\/v2\/comments?post=3051"}],"wp:featuredmedia":[{"embeddable":true,"href":"https:\/\/cienfuegos.fr\/index.php\/wp-json\/wp\/v2\/media\/5432"}],"wp:attachment":[{"href":"https:\/\/cienfuegos.fr\/index.php\/wp-json\/wp\/v2\/media?parent=3051"}],"curies":[{"name":"wp","href":"https:\/\/api.w.org\/{rel}","templated":true}]}}