{"id":3050,"date":"2020-07-13T17:04:12","date_gmt":"2020-07-13T15:04:12","guid":{"rendered":"https:\/\/cienfuegos.fr\/?post_type=product&#038;p=3050"},"modified":"2020-09-05T21:33:27","modified_gmt":"2020-09-05T19:33:27","slug":"pajaros-en-la-cabeza","status":"publish","type":"product","link":"https:\/\/cienfuegos.fr\/index.php\/product\/pajaros-en-la-cabeza\/","title":{"rendered":"P\u00e1jaros en la cabeza"},"content":{"rendered":"","protected":false},"excerpt":{"rendered":"<p>Autor: Fogwill<br \/>\nEditorial: Sudamericana<br \/>\nA\u00f1o de publicaci\u00f3n: 1995<br \/>\nN\u00famero de p\u00e1ginas: 168<br \/>\nI.S.B.N:<\/p>\n<p>Cercanos en su producci\u00f3n (1982-1984), los relatos que integran P\u00e1jaros de la cabeza parecen tan distantes entre si como el sal\u00f3n fr\u00edvolo, femenino y amanerado de Una p\u00e1lida historia de amor y el espacio viril, combatiente y pat\u00e9ticamente argentino de Los pichiciegos, dos novelas de ese mismo periodo. Quien ante los contrastes se pregunte : \u00ab\u00bfqu\u00e9 pretende el autor de P\u00e1jaros en la cabeza?\u00bb, hallara la respuesta en un dialogo de Sobre el arte de la novela. \u00abQuiero escribir: vivir\u00bb, dice ese narrador en primera persona que sorpresiva, pero no caprichosamente, sustituye al personaje central de una historia que refleja la historia de aquellos a\u00f1os. La formula \u00abescribir = vivir\u00bb es un efecto de esa historia. \u00bfC\u00f3mo \u00abvivir\u00bb cuando te han \u00abembarcado en una guerra con brit\u00e1nicos\u00bb como la que mira desde su chalet veraniego -en el invierno de 1982- el narrador de esa primera historia? \u00bfC\u00f3mo \u00abvivir\u00bb cuando por tanto alimentar la pasi\u00f3n con el jueguito de la falta del objeto amado solo una muerte borgeana (dantesca), un cad\u00e1ver, su autopsia y el decorado artificioso de la droga, permiten que se haga tolerable un vinculo con lo femenino, seg\u00fan se narra en la segunda historia? \u00bfY que \u00abvivir\u00bb cuando la producci\u00f3n post capitalista se reduce a un ritual de cuidado de los instrumentos de producci\u00f3n sin saber a que fin estaban destinados, seg\u00fan sucede en la tercera historia? Vivir nada; escribir todo seria la tesis que el libro, en conjunto, vendr\u00eda a proponer si su escritura hubiese respondido a alg\u00fan prop\u00f3sito. Pero, como en los serenos de esa planta industrial clausurada, que antes de jubilarse la ponen en marcha solo para jugar y para imaginar como hab\u00eda funcionado, P\u00e1jaros de la cabeza resiste cualquier idea de prop\u00f3sito y experimenta las viejas artes de narrar y pensar sin esperar de ellas mas que en estr\u00e9pito de unas viejas poleas que se ponen en marcha despu\u00e9s de mucho tiempo de clausura, oxidaci\u00f3n y deterioro. Si tales prop\u00f3sitosvalen la pena, la lectura de P\u00e1jaros de la cabeza valdr\u00e1 la pena.<\/p>\n","protected":false},"featured_media":4788,"comment_status":"closed","ping_status":"closed","template":"","meta":[],"class_list":{"0":"post-3050","1":"product","2":"type-product","3":"status-publish","4":"has-post-thumbnail","6":"product_cat-narrativa","7":"post","9":"first","10":"instock","11":"taxable","12":"shipping-taxable","13":"purchasable","14":"product-type-simple"},"_links":{"self":[{"href":"https:\/\/cienfuegos.fr\/index.php\/wp-json\/wp\/v2\/product\/3050","targetHints":{"allow":["GET"]}}],"collection":[{"href":"https:\/\/cienfuegos.fr\/index.php\/wp-json\/wp\/v2\/product"}],"about":[{"href":"https:\/\/cienfuegos.fr\/index.php\/wp-json\/wp\/v2\/types\/product"}],"replies":[{"embeddable":true,"href":"https:\/\/cienfuegos.fr\/index.php\/wp-json\/wp\/v2\/comments?post=3050"}],"wp:featuredmedia":[{"embeddable":true,"href":"https:\/\/cienfuegos.fr\/index.php\/wp-json\/wp\/v2\/media\/4788"}],"wp:attachment":[{"href":"https:\/\/cienfuegos.fr\/index.php\/wp-json\/wp\/v2\/media?parent=3050"}],"curies":[{"name":"wp","href":"https:\/\/api.w.org\/{rel}","templated":true}]}}