{"id":3046,"date":"2020-07-13T17:04:06","date_gmt":"2020-07-13T15:04:06","guid":{"rendered":"https:\/\/cienfuegos.fr\/?post_type=product&#038;p=3046"},"modified":"2020-09-05T21:43:07","modified_gmt":"2020-09-05T19:43:07","slug":"miles-de-anos-2","status":"publish","type":"product","link":"https:\/\/cienfuegos.fr\/index.php\/product\/miles-de-anos-2\/","title":{"rendered":"Miles de a\u00f1os"},"content":{"rendered":"","protected":false},"excerpt":{"rendered":"<p>Autor:Becerra, Juan Jos\u00e9<br \/>\nEditorial: Emec\u00e9<br \/>\nA\u00f1o de publicaci\u00f3n: 2004<br \/>\nN\u00famero de p\u00e1ginas: 174<br \/>\nI.S.B.N: 978-9500425889<\/p>\n<p>El protagonista de esta novela, Castellanos, se dedica a observar la vida m\u00e1xima o media de las cosas: la tortuga gigante de las Gal\u00e1pagos, la sequoia de los bosques de California, o el larrea del desierto de Mojave. Con obsesi\u00f3n de coleccionista va recolectando todas las formas que no se conservancon el tiempo. Tambi\u00e9n, a partir de mapas y folletos, reconstruye los nuevos h\u00e1bitos de Julia, su mujer, que est\u00e1 en Londres por una temporada. Castellanos decide hacer un curso de investigador y viajar a Londres para visitar a Julia de una manera misteriosa. Sin embargo, en un gesto inesperadamente ambicioso, se embarca en un proyecto que conjurar\u00e1 el implacable y demoledor trabajo del tiempo. Con una escritura intensa e hipn\u00f3tica, Becerra, autor de \u00abSanto\u00bb y \u00abAtl\u00e1ntida\u00bb, se afirma como un escritor notable de su generaci\u00f3n.<\/p>\n","protected":false},"featured_media":4785,"comment_status":"closed","ping_status":"closed","template":"","meta":[],"class_list":{"0":"post-3046","1":"product","2":"type-product","3":"status-publish","4":"has-post-thumbnail","6":"product_cat-narrativa","7":"post","9":"first","10":"instock","11":"taxable","12":"shipping-taxable","13":"purchasable","14":"product-type-simple"},"_links":{"self":[{"href":"https:\/\/cienfuegos.fr\/index.php\/wp-json\/wp\/v2\/product\/3046","targetHints":{"allow":["GET"]}}],"collection":[{"href":"https:\/\/cienfuegos.fr\/index.php\/wp-json\/wp\/v2\/product"}],"about":[{"href":"https:\/\/cienfuegos.fr\/index.php\/wp-json\/wp\/v2\/types\/product"}],"replies":[{"embeddable":true,"href":"https:\/\/cienfuegos.fr\/index.php\/wp-json\/wp\/v2\/comments?post=3046"}],"wp:featuredmedia":[{"embeddable":true,"href":"https:\/\/cienfuegos.fr\/index.php\/wp-json\/wp\/v2\/media\/4785"}],"wp:attachment":[{"href":"https:\/\/cienfuegos.fr\/index.php\/wp-json\/wp\/v2\/media?parent=3046"}],"curies":[{"name":"wp","href":"https:\/\/api.w.org\/{rel}","templated":true}]}}