{"id":3040,"date":"2020-07-13T17:03:57","date_gmt":"2020-07-13T15:03:57","guid":{"rendered":"https:\/\/cienfuegos.fr\/?post_type=product&#038;p=3040"},"modified":"2020-09-05T22:00:05","modified_gmt":"2020-09-05T20:00:05","slug":"el-sueno-2","status":"publish","type":"product","link":"https:\/\/cienfuegos.fr\/index.php\/product\/el-sueno-2\/","title":{"rendered":"El sue\u00f1o"},"content":{"rendered":"","protected":false},"excerpt":{"rendered":"<p>Autor: Aira, C\u00e9sar<br \/>\nEditorial: Emec\u00e9<br \/>\nA\u00f1o de publicaci\u00f3n: 1998<br \/>\nN\u00famero de p\u00e1ginas:<br \/>\nI.S.B.N:<\/p>\n<p>Primera edici\u00f3n. \u00abAh\u00ed habr\u00eda terminado todo, si no hubiera venido en su auxilio una esperanza relampagueante, tan fuerte, tan salvaje, tan precisa que nada pod\u00eda resist\u00edrsele. No era nada religioso, ni filos\u00f3fico, ni un truco de autoayuda&#8230; Era todo eso junto, pero mucho m\u00e1s: era el Sue\u00f1o, el que hab\u00eda tenido la noche anterior, y cuyo recuerdo hab\u00eda vuelto hac\u00eda dos horas, al cruzar la Avenida&#8230;&#8217;<br \/>\nMario es el hijo del due\u00f1o de un puesto de diarios en el barrio de Flores. La historia que protagoniza incluye tambi\u00e9n a dos personajes femeninos antag\u00f3nicos: la bella e inocente Lidia, una de las tantas chicas desafortunadas que han ido a parar al vecino refugio para madres solteras, y la terrible madre Elena, monja superiora del exclusivo Colegio de la Misericordia. Las vueltas de la vida y de la imaginaci\u00f3n delirante y exquisita de C\u00e9sar Aira pondr\u00e1n a Lidia y a Mario en el centro de una siniestra conspiraci\u00f3n tecnol\u00f3gico-religiosa. Mientras las circunstancias lo arrastran como un tif\u00f3n, s\u00f3lo el Sue\u00f1o le da al bueno y manso de Mario las fuerzas necesarias para enfrentar a los oscuros poderes que los amenaza.\u00bb<\/p>\n","protected":false},"featured_media":5370,"comment_status":"closed","ping_status":"closed","template":"","meta":[],"class_list":{"0":"post-3040","1":"product","2":"type-product","3":"status-publish","4":"has-post-thumbnail","6":"product_cat-narrativa","7":"post","9":"first","10":"instock","11":"taxable","12":"shipping-taxable","13":"purchasable","14":"product-type-simple"},"_links":{"self":[{"href":"https:\/\/cienfuegos.fr\/index.php\/wp-json\/wp\/v2\/product\/3040","targetHints":{"allow":["GET"]}}],"collection":[{"href":"https:\/\/cienfuegos.fr\/index.php\/wp-json\/wp\/v2\/product"}],"about":[{"href":"https:\/\/cienfuegos.fr\/index.php\/wp-json\/wp\/v2\/types\/product"}],"replies":[{"embeddable":true,"href":"https:\/\/cienfuegos.fr\/index.php\/wp-json\/wp\/v2\/comments?post=3040"}],"wp:featuredmedia":[{"embeddable":true,"href":"https:\/\/cienfuegos.fr\/index.php\/wp-json\/wp\/v2\/media\/5370"}],"wp:attachment":[{"href":"https:\/\/cienfuegos.fr\/index.php\/wp-json\/wp\/v2\/media?parent=3040"}],"curies":[{"name":"wp","href":"https:\/\/api.w.org\/{rel}","templated":true}]}}