{"id":3039,"date":"2020-07-13T17:03:55","date_gmt":"2020-07-13T15:03:55","guid":{"rendered":"https:\/\/cienfuegos.fr\/?post_type=product&#038;p=3039"},"modified":"2020-09-05T22:01:56","modified_gmt":"2020-09-05T20:01:56","slug":"ciencias-morales-2","status":"publish","type":"product","link":"https:\/\/cienfuegos.fr\/index.php\/product\/ciencias-morales-2\/","title":{"rendered":"Ciencias morales"},"content":{"rendered":"","protected":false},"excerpt":{"rendered":"<p>Autor: Kohan, Mart\u00edn<br \/>\nEditorial: Anagrama<br \/>\nA\u00f1o de publicaci\u00f3n: 2007<br \/>\nN\u00famero de p\u00e1ginas: 224<br \/>\nI.S.B.N: 978-84-339-7162-3<\/p>\n<p>Los muros del colegio son gruesos y consistentes. Prometen preservar la rutina de los d\u00edas de estudio de todo lo que pueda estar pasando fuera, de todo lo que \u2013de hecho\u2013 est\u00e1 efectivamente pasando fuera, en las calles vecinas, en Buenos Aires, en esa Argentina de 1982. \u00bfPero qu\u00e9 espacio limitan esos muros, un lugar de adquisici\u00f3n del saber o un recinto sadiano? Porque el colegio extiende su jurisdicci\u00f3n m\u00e1s all\u00e1 de la ense\u00f1anza, imparte a sus alumnos una rigurosidad que no deben descuidar en ninguna circunstancia de sus vidas, una implacable moral que debe constituirse en el inflexible esqueleto de todos sus actos. Ciencias morales confirma indiscutiblemente la extraordinaria madurez narrativa de uno de los autores m\u00e1s inteligentes, m\u00e1s estimulantes, de la reciente literatura argentina.<\/p>\n","protected":false},"featured_media":5253,"comment_status":"closed","ping_status":"closed","template":"","meta":[],"class_list":{"0":"post-3039","1":"product","2":"type-product","3":"status-publish","4":"has-post-thumbnail","6":"product_cat-narrativa","7":"post","9":"first","10":"instock","11":"taxable","12":"shipping-taxable","13":"purchasable","14":"product-type-simple"},"_links":{"self":[{"href":"https:\/\/cienfuegos.fr\/index.php\/wp-json\/wp\/v2\/product\/3039","targetHints":{"allow":["GET"]}}],"collection":[{"href":"https:\/\/cienfuegos.fr\/index.php\/wp-json\/wp\/v2\/product"}],"about":[{"href":"https:\/\/cienfuegos.fr\/index.php\/wp-json\/wp\/v2\/types\/product"}],"replies":[{"embeddable":true,"href":"https:\/\/cienfuegos.fr\/index.php\/wp-json\/wp\/v2\/comments?post=3039"}],"wp:featuredmedia":[{"embeddable":true,"href":"https:\/\/cienfuegos.fr\/index.php\/wp-json\/wp\/v2\/media\/5253"}],"wp:attachment":[{"href":"https:\/\/cienfuegos.fr\/index.php\/wp-json\/wp\/v2\/media?parent=3039"}],"curies":[{"name":"wp","href":"https:\/\/api.w.org\/{rel}","templated":true}]}}