{"id":3038,"date":"2020-07-13T17:03:53","date_gmt":"2020-07-13T15:03:53","guid":{"rendered":"https:\/\/cienfuegos.fr\/?post_type=product&#038;p=3038"},"modified":"2020-09-05T22:03:25","modified_gmt":"2020-09-05T20:03:25","slug":"al-amor-de-vallejo-2","status":"publish","type":"product","link":"https:\/\/cienfuegos.fr\/index.php\/product\/al-amor-de-vallejo-2\/","title":{"rendered":"Al amor de Vallejo"},"content":{"rendered":"","protected":false},"excerpt":{"rendered":"<p>Autor: Larrea, Juan<br \/>\nEditorial: Pre-textos<br \/>\nA\u00f1o de publicaci\u00f3n: 1980<br \/>\nN\u00famero de p\u00e1ginas: 308<br \/>\nI.S.B.N: 84-85081-28-5<\/p>\n<p>El inter\u00e9s por la vida y la obra de C\u00e9sar Vallejo ha venido creciendo prodigiosamente desde el d\u00eda de su desaparici\u00f3n, hace ya cuarenta a\u00f1os. Si no estrictamente universales, con seguridad puede decirse que ese inter\u00e9s ha alcanzado ya amplios t\u00e9rminos internacionales. Los escritos y actos acad\u00e9micos que al poeta se le dedican en Am\u00e9rica y en Europa son cada vez m\u00e1s frecuentes. Los trabajos de seminario en Universidades e Institutos, as\u00ed como las tesis a que est\u00e1 dando motivo en todos los pelda\u00f1os de la escala, llaman la atenci\u00f3n por lo conmovidos y numerosos. Consecuentemente, el material bibliogr\u00e1fico que de \u00e9l se ha ocupado desde el comienzo est\u00e1 torn\u00e1ndose art\u00edculo de primera necesidad en el hoy insaciable mundo donde tanto se multiplican las actividades literarias. De aqu\u00ed que haya parecido oportuno responder al mencionado inter\u00e9s recogiendo en el presente volumen los diversos ensayos dados a conocer por quien esto escribe a partir de la muerte de Vallejo hace poco. Lo justifica el hecho de que se trata de materiales que en su oportunidad ejercieron alguna influencia -uno de ellos es el escrito sobre Vallejo que mayor n\u00famero de veces se ha reproducido- y se hallan dispersos en publicacione no s\u00f3lo agotadas, sino de consulta dif\u00edcil y en la casi totalidad de las ciudades imposible.<\/p>\n","protected":false},"featured_media":5222,"comment_status":"closed","ping_status":"closed","template":"","meta":[],"class_list":{"0":"post-3038","1":"product","2":"type-product","3":"status-publish","4":"has-post-thumbnail","6":"product_cat-ensayo-estudios-literarios-diarios-y-biografias","7":"post","9":"first","10":"instock","11":"taxable","12":"shipping-taxable","13":"purchasable","14":"product-type-simple"},"_links":{"self":[{"href":"https:\/\/cienfuegos.fr\/index.php\/wp-json\/wp\/v2\/product\/3038","targetHints":{"allow":["GET"]}}],"collection":[{"href":"https:\/\/cienfuegos.fr\/index.php\/wp-json\/wp\/v2\/product"}],"about":[{"href":"https:\/\/cienfuegos.fr\/index.php\/wp-json\/wp\/v2\/types\/product"}],"replies":[{"embeddable":true,"href":"https:\/\/cienfuegos.fr\/index.php\/wp-json\/wp\/v2\/comments?post=3038"}],"wp:featuredmedia":[{"embeddable":true,"href":"https:\/\/cienfuegos.fr\/index.php\/wp-json\/wp\/v2\/media\/5222"}],"wp:attachment":[{"href":"https:\/\/cienfuegos.fr\/index.php\/wp-json\/wp\/v2\/media?parent=3038"}],"curies":[{"name":"wp","href":"https:\/\/api.w.org\/{rel}","templated":true}]}}