{"id":3036,"date":"2020-07-13T17:03:51","date_gmt":"2020-07-13T15:03:51","guid":{"rendered":"https:\/\/cienfuegos.fr\/?post_type=product&#038;p=3036"},"modified":"2020-09-05T22:21:22","modified_gmt":"2020-09-05T20:21:22","slug":"los-peligros-de-la-dicha-2","status":"publish","type":"product","link":"https:\/\/cienfuegos.fr\/index.php\/product\/los-peligros-de-la-dicha-2\/","title":{"rendered":"Los peligros de la dicha"},"content":{"rendered":"","protected":false},"excerpt":{"rendered":"<p>Autor: Rabanal, Rodolfo<br \/>\nEditorial: Adriana Hidalgo<br \/>\nA\u00f1o de publicaci\u00f3n: 1999<br \/>\nN\u00famero de p\u00e1ginas: 220<br \/>\nI.S.B.N: 987-9396-05-7<\/p>\n<p>Primera edici\u00f3n. Ocurre como si Rabanal estuviese todo el tiempo eludiendo la narraci\u00f3n, comenz\u00e1ndola y abandon\u00e1ndola, intercalando reflexiones y boutades, cuando de pronto, sin perder estas cualidades (la precisa indecisi\u00f3n de un relato hecho como desganadamente) incluso exacerb\u00e1ndolas, las escenas finales de su historia, se abren ante el abismo pat\u00e9tico y exasperado del deseo, de la soledad y del entendimiento imposible. Beatriz Sarlo Rodolfo Rabanal ha hallado un modelo en Kafka y sabe nombrar lo trivial, pero para demostrarnos que la carga de terror y arbitrariedad es tan intensa que las mismas estructuras de la narrativa se sacuden. Emir Rodr\u00edguez Monegal Rabanal recupera para la escritura lo que \u00e9sta, en los \u00faltimos tiempos, casi alardea de haber descuidado: el arte del escritor, la hermosura de la palabra, la cadencia musical del idioma, la finura de observaci\u00f3n, el ingenio de las situaciones. Ernesto Sch\u00f3\u00f3<\/p>\n","protected":false},"featured_media":5519,"comment_status":"closed","ping_status":"closed","template":"","meta":[],"class_list":{"0":"post-3036","1":"product","2":"type-product","3":"status-publish","4":"has-post-thumbnail","6":"product_cat-narrativa","7":"post","9":"first","10":"instock","11":"taxable","12":"shipping-taxable","13":"purchasable","14":"product-type-simple"},"_links":{"self":[{"href":"https:\/\/cienfuegos.fr\/index.php\/wp-json\/wp\/v2\/product\/3036","targetHints":{"allow":["GET"]}}],"collection":[{"href":"https:\/\/cienfuegos.fr\/index.php\/wp-json\/wp\/v2\/product"}],"about":[{"href":"https:\/\/cienfuegos.fr\/index.php\/wp-json\/wp\/v2\/types\/product"}],"replies":[{"embeddable":true,"href":"https:\/\/cienfuegos.fr\/index.php\/wp-json\/wp\/v2\/comments?post=3036"}],"wp:featuredmedia":[{"embeddable":true,"href":"https:\/\/cienfuegos.fr\/index.php\/wp-json\/wp\/v2\/media\/5519"}],"wp:attachment":[{"href":"https:\/\/cienfuegos.fr\/index.php\/wp-json\/wp\/v2\/media?parent=3036"}],"curies":[{"name":"wp","href":"https:\/\/api.w.org\/{rel}","templated":true}]}}