{"id":3031,"date":"2020-07-13T17:03:42","date_gmt":"2020-07-13T15:03:42","guid":{"rendered":"https:\/\/cienfuegos.fr\/?post_type=product&#038;p=3031"},"modified":"2020-10-14T14:38:55","modified_gmt":"2020-10-14T12:38:55","slug":"baron-biza-el-secreto-mejor-guardado-de-la-historia-argentina-2","status":"publish","type":"product","link":"https:\/\/cienfuegos.fr\/index.php\/product\/baron-biza-el-secreto-mejor-guardado-de-la-historia-argentina-2\/","title":{"rendered":"Bar\u00f3n Biza. El secreto mejor guardado de la historia argentina"},"content":{"rendered":"","protected":false},"excerpt":{"rendered":"<p>Autor: Ferrer, Christian<br \/>\nEditorial: Sudam\u00e9rica<br \/>\nA\u00f1o de publicaci\u00f3n: 2007<br \/>\nN\u00famero de p\u00e1ginas: 288<br \/>\nI.S.B.N: 978-9500727921<\/p>\n<p>Ra\u00fal Bar\u00f3n Biza (1899-1964) es uno de los personajes legendarios de la Argentina, protagonista de una larga lista de hechos, exageraciones y cr\u00edmenes; millonario, pol\u00edtico radical, escritor, por su novela \u00abEl derecho de matar\u00bb fue procesado acusado de pornograf\u00eda (y absuelto). La temprana muerte desu primera mujer al caer el avi\u00f3n que ella piloteaba, su ataque a su segunda mujer arroj\u00e1ndole \u00e1cido al rostro y su posterior suicidio, son hitos de su vida tr\u00e1gica y apasionante.Ferrer relata la vida de Bar\u00f3n Biza y de la \u00e9poca en la quevivi\u00f3, trazando una historia secreta de la Argentina en losa\u00f1os claves para entender desarrollos y desenlaces posteriores. El autor es ensayista, profesor de la Universidad de Buenos Aires. Ha publicado \u00abMal de ojo : ensayo sobre la violencia t\u00e9cnica\u00bb, \u00abCabezas de tormenta : ensayos sobre lo ingobernable\u00bb y otros t\u00edtulos.<\/p>\n","protected":false},"featured_media":5236,"comment_status":"closed","ping_status":"closed","template":"","meta":[],"class_list":{"0":"post-3031","1":"product","2":"type-product","3":"status-publish","4":"has-post-thumbnail","6":"product_cat-diarios_y_biografias","7":"product_cat-ensayo","8":"post","10":"first","11":"outofstock","12":"taxable","13":"shipping-taxable","14":"purchasable","15":"product-type-simple"},"_links":{"self":[{"href":"https:\/\/cienfuegos.fr\/index.php\/wp-json\/wp\/v2\/product\/3031","targetHints":{"allow":["GET"]}}],"collection":[{"href":"https:\/\/cienfuegos.fr\/index.php\/wp-json\/wp\/v2\/product"}],"about":[{"href":"https:\/\/cienfuegos.fr\/index.php\/wp-json\/wp\/v2\/types\/product"}],"replies":[{"embeddable":true,"href":"https:\/\/cienfuegos.fr\/index.php\/wp-json\/wp\/v2\/comments?post=3031"}],"wp:featuredmedia":[{"embeddable":true,"href":"https:\/\/cienfuegos.fr\/index.php\/wp-json\/wp\/v2\/media\/5236"}],"wp:attachment":[{"href":"https:\/\/cienfuegos.fr\/index.php\/wp-json\/wp\/v2\/media?parent=3031"}],"curies":[{"name":"wp","href":"https:\/\/api.w.org\/{rel}","templated":true}]}}