{"id":3019,"date":"2020-07-13T17:03:25","date_gmt":"2020-07-13T15:03:25","guid":{"rendered":"https:\/\/cienfuegos.fr\/?post_type=product&#038;p=3019"},"modified":"2020-09-05T22:50:12","modified_gmt":"2020-09-05T20:50:12","slug":"salvatierra-2","status":"publish","type":"product","link":"https:\/\/cienfuegos.fr\/index.php\/product\/salvatierra-2\/","title":{"rendered":"Salvatierra"},"content":{"rendered":"","protected":false},"excerpt":{"rendered":"<p>Autor: Mairal, Pedro<br \/>\nEditorial: Emec\u00e9<br \/>\nA\u00f1o de publicaci\u00f3n: 2008<br \/>\nN\u00famero de p\u00e1ginas:<br \/>\nI.S.B.N :9789500429481<\/p>\n<p>Primera edici\u00f3n. A los nueve a\u00f1os, Juan Salvatierra qued\u00f3 mudo despu\u00e9s de un accidente de caballo. A los veinte, empez\u00f3 a pintar en secreto una serie de largu\u00edsimos rollos de tela que registraban minuciosamente la vida de un pueblo litorale\u00f1o. Tras la muerte de Salvatierra, sus hijos viajan desde Buenos Aires para hacerse cargo de la herencia: un galp\u00f3n inmenso atestado de rollos pintados.Intrigado por la obra monumental creada por su padre, el hijo menor, Miguel, se dispone a ordenarla. Junto con las telas, desenrolla una intriga de secretos familiares que se hunde en el pasado y echa sus sombras sobre el presente. Salvatierra parece haberlo pintado todo. Profuso como la flora y la fauna que pueblan la ribera, el cuadro se impone sobre la realidad y la desborda.Solamente falta un rollo para completar el inmenso cuadro pintado por Salvatierra y Miguel siente la imperiosa necesidad de encontrarlo para que el cuadro no sea infinito, para que tenga un borde, un l\u00edmite. Para tener una vida que no haya sido pintada ya por su padre. Miguel emprende una aut\u00e9ntica aventura que lo llevar\u00e1 a descubrir algo nuevo sobre su padre e impensable sobre s\u00ed mismo.<\/p>\n","protected":false},"featured_media":4753,"comment_status":"closed","ping_status":"closed","template":"","meta":[],"class_list":{"0":"post-3019","1":"product","2":"type-product","3":"status-publish","4":"has-post-thumbnail","6":"product_cat-narrativa","7":"post","9":"first","10":"instock","11":"taxable","12":"shipping-taxable","13":"purchasable","14":"product-type-simple"},"_links":{"self":[{"href":"https:\/\/cienfuegos.fr\/index.php\/wp-json\/wp\/v2\/product\/3019","targetHints":{"allow":["GET"]}}],"collection":[{"href":"https:\/\/cienfuegos.fr\/index.php\/wp-json\/wp\/v2\/product"}],"about":[{"href":"https:\/\/cienfuegos.fr\/index.php\/wp-json\/wp\/v2\/types\/product"}],"replies":[{"embeddable":true,"href":"https:\/\/cienfuegos.fr\/index.php\/wp-json\/wp\/v2\/comments?post=3019"}],"wp:featuredmedia":[{"embeddable":true,"href":"https:\/\/cienfuegos.fr\/index.php\/wp-json\/wp\/v2\/media\/4753"}],"wp:attachment":[{"href":"https:\/\/cienfuegos.fr\/index.php\/wp-json\/wp\/v2\/media?parent=3019"}],"curies":[{"name":"wp","href":"https:\/\/api.w.org\/{rel}","templated":true}]}}