{"id":3017,"date":"2020-07-13T17:03:21","date_gmt":"2020-07-13T15:03:21","guid":{"rendered":"https:\/\/cienfuegos.fr\/?post_type=product&#038;p=3017"},"modified":"2020-09-05T22:59:00","modified_gmt":"2020-09-05T20:59:00","slug":"los-que-fui-2","status":"publish","type":"product","link":"https:\/\/cienfuegos.fr\/index.php\/product\/los-que-fui-2\/","title":{"rendered":"Los que fui"},"content":{"rendered":"","protected":false},"excerpt":{"rendered":"<p>Autor: Michaux, Henri<br \/>\nEditorial: Paradiso<br \/>\nA\u00f1o de publicaci\u00f3n: 2018<br \/>\nN\u00famero de p\u00e1ginas: 224<br \/>\nI.S.B.N:<\/p>\n<p>Traducci\u00f3n de Ariel Dilon. No hay nada m\u00e1s vivo que estas p\u00e1ginas sepultadas en el pasado, al punto que uno se fascina descubriendo en ellas, en estado de verdor, esa invenci\u00f3n que, de todos los g\u00e9neros \u2014ensayo, relato, poema\u2014, hace uno solo para gratificarlos todos, y como a la ligera, con un florecimiento tan matizado como sutil. Es la palabra \u201cgracia\u201d la que mejor convendr\u00eda a estas inflexiones que espejean sin jam\u00e1s explotar su seducci\u00f3n (&#8230;) De Baudelaire a Michaux, pasando por Mallarm\u00e9, Daumal y Pierre Jean Jouve, la originalidad interna es el resultado de la constancia en la persecuci\u00f3n de una meta que no aspira al \u00e9xito. Ello supone una tenacidad imperturbable y el recurso, sin ilusiones, a aquello que por defecto podr\u00eda valerle su lugar en la historia. Bernard N\u00f6el<\/p>\n","protected":false},"featured_media":5521,"comment_status":"closed","ping_status":"closed","template":"","meta":[],"class_list":{"0":"post-3017","1":"product","2":"type-product","3":"status-publish","4":"has-post-thumbnail","6":"product_cat-poesia","7":"post","9":"first","10":"instock","11":"taxable","12":"shipping-taxable","13":"purchasable","14":"product-type-simple"},"_links":{"self":[{"href":"https:\/\/cienfuegos.fr\/index.php\/wp-json\/wp\/v2\/product\/3017","targetHints":{"allow":["GET"]}}],"collection":[{"href":"https:\/\/cienfuegos.fr\/index.php\/wp-json\/wp\/v2\/product"}],"about":[{"href":"https:\/\/cienfuegos.fr\/index.php\/wp-json\/wp\/v2\/types\/product"}],"replies":[{"embeddable":true,"href":"https:\/\/cienfuegos.fr\/index.php\/wp-json\/wp\/v2\/comments?post=3017"}],"wp:featuredmedia":[{"embeddable":true,"href":"https:\/\/cienfuegos.fr\/index.php\/wp-json\/wp\/v2\/media\/5521"}],"wp:attachment":[{"href":"https:\/\/cienfuegos.fr\/index.php\/wp-json\/wp\/v2\/media?parent=3017"}],"curies":[{"name":"wp","href":"https:\/\/api.w.org\/{rel}","templated":true}]}}