{"id":3016,"date":"2020-07-13T17:03:20","date_gmt":"2020-07-13T15:03:20","guid":{"rendered":"https:\/\/cienfuegos.fr\/?post_type=product&#038;p=3016"},"modified":"2020-07-30T01:17:03","modified_gmt":"2020-07-29T23:17:03","slug":"borges-va-al-cine-2","status":"publish","type":"product","link":"https:\/\/cienfuegos.fr\/index.php\/product\/borges-va-al-cine-2\/","title":{"rendered":"Borges va al cine"},"content":{"rendered":"","protected":false},"excerpt":{"rendered":"<p>Autor: Aguilar, Gonzalo; Jelici\u00e9, Emiliano<br \/>\nEditorial: Libraria<br \/>\nA\u00f1o de publicaci\u00f3n: 2016<br \/>\nN\u00famero de p\u00e1ginas: 184<br \/>\nI.S.B.N : 978-9872640309<\/p>\n<p>\u201cDe entrada, Gonzalo Aguilar y Emiliano Jelici\u00e9 anuncian el blanco: restituir el contexto hist\u00f3rico, social, cultural en que Borges fue al cine a lo largo de su vida. Y lo que surge no es solo la silueta de ese hombre desdichado, malicioso, irrefrenable, bricoleur genial; es la Argentina de los conservadores, y la de Apold, con todas sus contradicciones. Lo le\u00ed de un tir\u00f3n, divertido y sorprendido por muchas informaciones que no ten\u00eda. Los autores proponen un Borges va al cine que me dicen haber escrito bajo el influjo b\u00e9nefico de un librito del que he tomado distancia: hace muchos a\u00f1os, el que yo era entonces cometi\u00f3 un volumen que mereci\u00f3 reediciones con nombres variables: Borges y el cine, Borges en\/y\/sobre cine, Borges y el cinemat\u00f3grafo. Hoy me halaga que Aguilar y Jelici\u00e9 lo recuerden y solo deseo que este, el libro de ellos, excelente, borre la existencia de aquel otro\u201d.<\/p>\n","protected":false},"featured_media":4750,"comment_status":"closed","ping_status":"closed","template":"","meta":[],"class_list":{"0":"post-3016","1":"product","2":"type-product","3":"status-publish","4":"has-post-thumbnail","6":"product_cat-poesia","7":"post","9":"first","10":"instock","11":"taxable","12":"shipping-taxable","13":"purchasable","14":"product-type-simple"},"_links":{"self":[{"href":"https:\/\/cienfuegos.fr\/index.php\/wp-json\/wp\/v2\/product\/3016","targetHints":{"allow":["GET"]}}],"collection":[{"href":"https:\/\/cienfuegos.fr\/index.php\/wp-json\/wp\/v2\/product"}],"about":[{"href":"https:\/\/cienfuegos.fr\/index.php\/wp-json\/wp\/v2\/types\/product"}],"replies":[{"embeddable":true,"href":"https:\/\/cienfuegos.fr\/index.php\/wp-json\/wp\/v2\/comments?post=3016"}],"wp:featuredmedia":[{"embeddable":true,"href":"https:\/\/cienfuegos.fr\/index.php\/wp-json\/wp\/v2\/media\/4750"}],"wp:attachment":[{"href":"https:\/\/cienfuegos.fr\/index.php\/wp-json\/wp\/v2\/media?parent=3016"}],"curies":[{"name":"wp","href":"https:\/\/api.w.org\/{rel}","templated":true}]}}