{"id":3005,"date":"2020-07-13T17:03:04","date_gmt":"2020-07-13T15:03:04","guid":{"rendered":"https:\/\/cienfuegos.fr\/?post_type=product&#038;p=3005"},"modified":"2020-08-09T13:01:40","modified_gmt":"2020-08-09T11:01:40","slug":"las-encias-de-la-azafata-2","status":"publish","type":"product","link":"https:\/\/cienfuegos.fr\/index.php\/product\/las-encias-de-la-azafata-2\/","title":{"rendered":"Las enc\u00edas de la azafata"},"content":{"rendered":"","protected":false},"excerpt":{"rendered":"<p>Autor: Carranza, Jos\u00e9 Israel<br \/>\nEditorial: Tumbona<br \/>\nA\u00f1o de publicaci\u00f3n: 2010<br \/>\nN\u00famero de p\u00e1ginas: 202<br \/>\nI.S.B.N : 9786077534235<\/p>\n<p>El ensayo, que lleva ya muchos a\u00f1os confundiendo entre el rigor de la academia y la prisa del maquinazo, vuelve en este libro a ser lo era: meditaciones dispersas, el\u00e1sticas, breves, con las que el autor da un rodeo para dibujar su retrato. Esbozos de un libro que no se decide a comenzar, digresiones que no tienen la menor intenci\u00f3n de concluir, a cada p\u00e1rrafo uno es testigo de la retorcida compasi\u00f3n que cabe dentro de la burla de uno mismo.<\/p>\n","protected":false},"featured_media":4740,"comment_status":"closed","ping_status":"closed","template":"","meta":[],"class_list":{"0":"post-3005","1":"product","2":"type-product","3":"status-publish","4":"has-post-thumbnail","6":"product_cat-ensayo","7":"post","9":"first","10":"instock","11":"taxable","12":"shipping-taxable","13":"purchasable","14":"product-type-simple"},"_links":{"self":[{"href":"https:\/\/cienfuegos.fr\/index.php\/wp-json\/wp\/v2\/product\/3005","targetHints":{"allow":["GET"]}}],"collection":[{"href":"https:\/\/cienfuegos.fr\/index.php\/wp-json\/wp\/v2\/product"}],"about":[{"href":"https:\/\/cienfuegos.fr\/index.php\/wp-json\/wp\/v2\/types\/product"}],"replies":[{"embeddable":true,"href":"https:\/\/cienfuegos.fr\/index.php\/wp-json\/wp\/v2\/comments?post=3005"}],"wp:featuredmedia":[{"embeddable":true,"href":"https:\/\/cienfuegos.fr\/index.php\/wp-json\/wp\/v2\/media\/4740"}],"wp:attachment":[{"href":"https:\/\/cienfuegos.fr\/index.php\/wp-json\/wp\/v2\/media?parent=3005"}],"curies":[{"name":"wp","href":"https:\/\/api.w.org\/{rel}","templated":true}]}}