{"id":3003,"date":"2020-07-13T17:03:00","date_gmt":"2020-07-13T15:03:00","guid":{"rendered":"https:\/\/cienfuegos.fr\/?post_type=product&#038;p=3003"},"modified":"2020-09-05T23:08:23","modified_gmt":"2020-09-05T21:08:23","slug":"salario-amargo-the-cotton-pickers-2","status":"publish","type":"product","link":"https:\/\/cienfuegos.fr\/index.php\/product\/salario-amargo-the-cotton-pickers-2\/","title":{"rendered":"Salario amargo (The cotton pickers)"},"content":{"rendered":"","protected":false},"excerpt":{"rendered":"<p>Autor: Traven, Bruno<br \/>\nEditorial: Diana<br \/>\nA\u00f1o de publicaci\u00f3n: 1969<br \/>\nN\u00famero de p\u00e1ginas:<br \/>\nI.S.B.N:<\/p>\n<p>Buen estado en general. Sobrecubierta ajada en parte de los bordes. Tapa dura, 222 p. 2da edici\u00f3n. B. Traven (Alemania, 23 de febrero de 1882 &#8211; Ciudad de M\u00e9xico, 26 de marzo de 1969) es uno de los tantos seud\u00f3nimos (Bruno Traven, Traven Torsvan, Hal Croves o Ret Marut) de un novelista que escribi\u00f3 en alem\u00e1n y fue famoso en los Estados Unidos principalmente por ser el autor de la novela El tesoro de Sierra Madre (\u00abDer Schatz der Sierra Madre\u00bb, 1927).<\/p>\n","protected":false},"featured_media":4738,"comment_status":"closed","ping_status":"closed","template":"","meta":[],"class_list":{"0":"post-3003","1":"product","2":"type-product","3":"status-publish","4":"has-post-thumbnail","6":"product_cat-narrativa","7":"post","9":"first","10":"instock","11":"taxable","12":"shipping-taxable","13":"purchasable","14":"product-type-simple"},"_links":{"self":[{"href":"https:\/\/cienfuegos.fr\/index.php\/wp-json\/wp\/v2\/product\/3003","targetHints":{"allow":["GET"]}}],"collection":[{"href":"https:\/\/cienfuegos.fr\/index.php\/wp-json\/wp\/v2\/product"}],"about":[{"href":"https:\/\/cienfuegos.fr\/index.php\/wp-json\/wp\/v2\/types\/product"}],"replies":[{"embeddable":true,"href":"https:\/\/cienfuegos.fr\/index.php\/wp-json\/wp\/v2\/comments?post=3003"}],"wp:featuredmedia":[{"embeddable":true,"href":"https:\/\/cienfuegos.fr\/index.php\/wp-json\/wp\/v2\/media\/4738"}],"wp:attachment":[{"href":"https:\/\/cienfuegos.fr\/index.php\/wp-json\/wp\/v2\/media?parent=3003"}],"curies":[{"name":"wp","href":"https:\/\/api.w.org\/{rel}","templated":true}]}}