{"id":2999,"date":"2020-07-13T17:02:55","date_gmt":"2020-07-13T15:02:55","guid":{"rendered":"https:\/\/cienfuegos.fr\/?post_type=product&#038;p=2999"},"modified":"2020-08-09T00:44:44","modified_gmt":"2020-08-08T22:44:44","slug":"el-son-entero-2","status":"publish","type":"product","link":"https:\/\/cienfuegos.fr\/index.php\/product\/el-son-entero-2\/","title":{"rendered":"El son entero"},"content":{"rendered":"","protected":false},"excerpt":{"rendered":"<p>Autor: Guill\u00e9n, Nicol\u00e1s<br \/>\nEditorial: Pleamar (Buenos Aires)<br \/>\nA\u00f1o de publicaci\u00f3n: 1947<br \/>\nN\u00famero de p\u00e1ginas: 210<br \/>\nI.S.B.N:<\/p>\n<p>4to. 210 pp. Primera edici\u00f3n. Con una carta impresa de D.Miguel de Unamuno. Textos musicales de Eliseo y Emilio Grenet, Alejandro Garc\u00eda Caturla y Silvestre Revueltas. Ilustraciones de Carlos Enr\u00edquez. Encuadernaci\u00f3n tela editorial con sobrecubierta. Muy buen estado. Sobrecuc<\/p>\n","protected":false},"featured_media":4735,"comment_status":"closed","ping_status":"closed","template":"","meta":[],"class_list":{"0":"post-2999","1":"product","2":"type-product","3":"status-publish","4":"has-post-thumbnail","6":"product_cat-ensayo","7":"product_cat-poesia-coleccionables","8":"post","10":"first","11":"instock","12":"taxable","13":"shipping-taxable","14":"purchasable","15":"product-type-simple"},"_links":{"self":[{"href":"https:\/\/cienfuegos.fr\/index.php\/wp-json\/wp\/v2\/product\/2999","targetHints":{"allow":["GET"]}}],"collection":[{"href":"https:\/\/cienfuegos.fr\/index.php\/wp-json\/wp\/v2\/product"}],"about":[{"href":"https:\/\/cienfuegos.fr\/index.php\/wp-json\/wp\/v2\/types\/product"}],"replies":[{"embeddable":true,"href":"https:\/\/cienfuegos.fr\/index.php\/wp-json\/wp\/v2\/comments?post=2999"}],"wp:featuredmedia":[{"embeddable":true,"href":"https:\/\/cienfuegos.fr\/index.php\/wp-json\/wp\/v2\/media\/4735"}],"wp:attachment":[{"href":"https:\/\/cienfuegos.fr\/index.php\/wp-json\/wp\/v2\/media?parent=2999"}],"curies":[{"name":"wp","href":"https:\/\/api.w.org\/{rel}","templated":true}]}}