{"id":2997,"date":"2020-07-13T17:02:52","date_gmt":"2020-07-13T15:02:52","guid":{"rendered":"https:\/\/cienfuegos.fr\/?post_type=product&#038;p=2997"},"modified":"2020-09-06T01:00:38","modified_gmt":"2020-09-05T23:00:38","slug":"los-nanigos-2","status":"publish","type":"product","link":"https:\/\/cienfuegos.fr\/index.php\/product\/los-nanigos-2\/","title":{"rendered":"Los \u00d1a\u00f1igos"},"content":{"rendered":"","protected":false},"excerpt":{"rendered":"<p>Autor: Rodr\u00edguez Sosa, Enrique<br \/>\nEditorial: Casa de las Am\u00e9ricas<br \/>\nA\u00f1o de publicaci\u00f3n: 1982<br \/>\nN\u00famero de p\u00e1ginas: 464<br \/>\nI.S.B.N:<\/p>\n<p>Primera edici\u00f3n. Premio casa de las am\u00e9ricas.<\/p>\n","protected":false},"featured_media":4733,"comment_status":"closed","ping_status":"closed","template":"","meta":[],"class_list":{"0":"post-2997","1":"product","2":"type-product","3":"status-publish","4":"has-post-thumbnail","6":"product_cat-poesia","7":"post","9":"first","10":"instock","11":"taxable","12":"shipping-taxable","13":"purchasable","14":"product-type-simple"},"_links":{"self":[{"href":"https:\/\/cienfuegos.fr\/index.php\/wp-json\/wp\/v2\/product\/2997","targetHints":{"allow":["GET"]}}],"collection":[{"href":"https:\/\/cienfuegos.fr\/index.php\/wp-json\/wp\/v2\/product"}],"about":[{"href":"https:\/\/cienfuegos.fr\/index.php\/wp-json\/wp\/v2\/types\/product"}],"replies":[{"embeddable":true,"href":"https:\/\/cienfuegos.fr\/index.php\/wp-json\/wp\/v2\/comments?post=2997"}],"wp:featuredmedia":[{"embeddable":true,"href":"https:\/\/cienfuegos.fr\/index.php\/wp-json\/wp\/v2\/media\/4733"}],"wp:attachment":[{"href":"https:\/\/cienfuegos.fr\/index.php\/wp-json\/wp\/v2\/media?parent=2997"}],"curies":[{"name":"wp","href":"https:\/\/api.w.org\/{rel}","templated":true}]}}