{"id":2995,"date":"2020-07-13T17:02:49","date_gmt":"2020-07-13T15:02:49","guid":{"rendered":"https:\/\/cienfuegos.fr\/?post_type=product&#038;p=2995"},"modified":"2020-09-06T01:01:47","modified_gmt":"2020-09-05T23:01:47","slug":"gala-album-2","status":"publish","type":"product","link":"https:\/\/cienfuegos.fr\/index.php\/product\/gala-album-2\/","title":{"rendered":"Gala. \u00c1lbum"},"content":{"rendered":"","protected":false},"excerpt":{"rendered":"<p>Autor: Aguer, Montse<br \/>\nEditorial: Fundaci\u00f3n Gala-Salvador Dal\u00ed, La Caixa<br \/>\nA\u00f1o de publicaci\u00f3n: 2007<br \/>\nN\u00famero de p\u00e1ginas:<br \/>\nI.S.B.N:<\/p>\n<p>Cat\u00e1logo de la exposici\u00f3n fotogr\u00e1fica en torno a Gala. S\u00f3lo 500 ejemplares. 168 p\u00e1ginas. La imagen es ilustrativa, consultar antes de comprar.<\/p>\n","protected":false},"featured_media":5431,"comment_status":"closed","ping_status":"closed","template":"","meta":[],"class_list":{"0":"post-2995","1":"product","2":"type-product","3":"status-publish","4":"has-post-thumbnail","6":"product_cat-arte","7":"post","9":"first","10":"instock","11":"taxable","12":"shipping-taxable","13":"purchasable","14":"product-type-simple"},"_links":{"self":[{"href":"https:\/\/cienfuegos.fr\/index.php\/wp-json\/wp\/v2\/product\/2995","targetHints":{"allow":["GET"]}}],"collection":[{"href":"https:\/\/cienfuegos.fr\/index.php\/wp-json\/wp\/v2\/product"}],"about":[{"href":"https:\/\/cienfuegos.fr\/index.php\/wp-json\/wp\/v2\/types\/product"}],"replies":[{"embeddable":true,"href":"https:\/\/cienfuegos.fr\/index.php\/wp-json\/wp\/v2\/comments?post=2995"}],"wp:featuredmedia":[{"embeddable":true,"href":"https:\/\/cienfuegos.fr\/index.php\/wp-json\/wp\/v2\/media\/5431"}],"wp:attachment":[{"href":"https:\/\/cienfuegos.fr\/index.php\/wp-json\/wp\/v2\/media?parent=2995"}],"curies":[{"name":"wp","href":"https:\/\/api.w.org\/{rel}","templated":true}]}}