{"id":2993,"date":"2020-07-13T17:02:45","date_gmt":"2020-07-13T15:02:45","guid":{"rendered":"https:\/\/cienfuegos.fr\/?post_type=product&#038;p=2993"},"modified":"2020-08-09T23:58:40","modified_gmt":"2020-08-09T21:58:40","slug":"memoria-2","status":"publish","type":"product","link":"https:\/\/cienfuegos.fr\/index.php\/product\/memoria-2\/","title":{"rendered":"Memoria"},"content":{"rendered":"","protected":false},"excerpt":{"rendered":"<p>Autor: Villa, Jos\u00e9 Moreno<br \/>\nEditorial: Publicaciones de la Residencia de Estudiantes<br \/>\nA\u00f1o de publicaci\u00f3n: 2011<br \/>\nN\u00famero de p\u00e1ginas:<br \/>\nI.S.B.N: 978-8493886042<\/p>\n<p>Se re\u00fanen por primera vez los Escritos autobiogr\u00e1ficos de Jos\u00e9 Moreno Villa, uno de los m\u00e1s claros exponentes de la llamada generaci\u00f3n del 14, testigo de excepci\u00f3n del Madrid literario y art\u00edstico de los a\u00f1os previos al estallido de la guerra civil y posteriormente, protagonista de un M\u00e9xico de exiliados espa\u00f1oles.<\/p>\n","protected":false},"featured_media":4730,"comment_status":"closed","ping_status":"closed","template":"","meta":[],"class_list":{"0":"post-2993","1":"product","2":"type-product","3":"status-publish","4":"has-post-thumbnail","6":"product_cat-diarios_y_biografias","7":"post","9":"first","10":"instock","11":"taxable","12":"shipping-taxable","13":"purchasable","14":"product-type-simple"},"_links":{"self":[{"href":"https:\/\/cienfuegos.fr\/index.php\/wp-json\/wp\/v2\/product\/2993","targetHints":{"allow":["GET"]}}],"collection":[{"href":"https:\/\/cienfuegos.fr\/index.php\/wp-json\/wp\/v2\/product"}],"about":[{"href":"https:\/\/cienfuegos.fr\/index.php\/wp-json\/wp\/v2\/types\/product"}],"replies":[{"embeddable":true,"href":"https:\/\/cienfuegos.fr\/index.php\/wp-json\/wp\/v2\/comments?post=2993"}],"wp:featuredmedia":[{"embeddable":true,"href":"https:\/\/cienfuegos.fr\/index.php\/wp-json\/wp\/v2\/media\/4730"}],"wp:attachment":[{"href":"https:\/\/cienfuegos.fr\/index.php\/wp-json\/wp\/v2\/media?parent=2993"}],"curies":[{"name":"wp","href":"https:\/\/api.w.org\/{rel}","templated":true}]}}