{"id":299277,"date":"2025-10-06T22:53:14","date_gmt":"2025-10-06T20:53:14","guid":{"rendered":"https:\/\/cienfuegos.fr\/?post_type=product&#038;p=299277"},"modified":"2026-03-28T10:56:39","modified_gmt":"2026-03-28T09:56:39","slug":"perras-de-reserva","status":"publish","type":"product","link":"https:\/\/cienfuegos.fr\/index.php\/product\/perras-de-reserva\/","title":{"rendered":"Perras de reserva"},"content":{"rendered":"","protected":false},"excerpt":{"rendered":"<p>Sicarias o universitarias,\u00a0<span class=\"a-text-italic\">influencers<\/span>\u00a0o amas de casa, beatas o prostitutas: mujeres decididas a pelear antes que ser v\u00edctimas<\/p>\n<p>Las hero\u00ednas de Perras de reserva son mujeres fuertes, decididas a resolver por s\u00ed mismas sus problemas porque saben que si con algo no pueden contar es con la ayuda de Dios. Como mucho, se encomiendan al Diablo, ya que ante la perspectiva de convertirse en v\u00edctimas \u2013usadas, explotadas o muertas\u2013 prefieren optar por la sangre ajena. Como Yuliana, la macabramente entra\u00f1able heredera al trono de un capo del narcotr\u00e1fico, que no va a aceptar que sus compa.eras de escuela se burlen de su look. O la adolescente que antes de dejarse arrinconar por la pobreza y el hambre se vuelve una malandrina de calle con principios, que solo desvalija a gente bien. O la bruja que recurre al Se\u00f1or de las Tinieblas para que le ayude con la vecina cuyos perros hacen sus necesidades en su patio. Sean sicarias o universitarias,\u00a0<span class=\"a-text-italic\">influencers<\/span>\u00a0o amas de casa, beatas o prostitutas, las memorables protagonistas de estos relatos comparten las dificultades y los peligros derivados de haber nacido mujer, y los enfrentan con los recursos que la vida les ofrece, obligadas una y otra vez a dirimir d\u00f3nde se sit\u00faa la frontera entre el bien y el mal. Y nos cuentan sus vidas siempre en primera persona, haci\u00e9ndonos parte \u00edntima de su forma de habitar el mundo. Con un talento desbordante para reflejar el habla de la calle y no pocas dosis de humor negro, la autora mexicana Dahlia de la Cerda nos recuerda en este genial libro que \u00abla vida es una perra, por eso hay que patearle la jaula\u00bb.<br \/>\n\u00abEste libro tiene la fuerza de una barranquera de agua: arrastra, ensucia y limpia a partes iguales\u00bb. br&gt;\u00a0<span class=\"a-text-bold\">Andrea Abreu<br \/>\n\u00abUn peque\u00f1o monumento a la literatura transgresora, dura y suave, rom\u00e1ntica y dolorosa. Una concatenaci\u00f3n narrativa deliciosa, donde lo popular, superfluo y banal se convierte en trascendente, en dolorosa cr\u00edtica social\u00bb. br&gt;\u00a0<\/span><span class=\"a-text-bold\">Gerardo Lima Molina,<\/span><span class=\"a-text-bold a-text-italic\">\u00a0Tierra Adentro<\/span><span class=\"a-text-bold\"><br \/>\n<\/span><\/p>\n","protected":false},"featured_media":299278,"comment_status":"open","ping_status":"closed","template":"","meta":[],"class_list":{"0":"post-299277","1":"product","2":"type-product","3":"status-publish","4":"has-post-thumbnail","6":"product_cat-novedades","7":"post","9":"first","10":"onbackorder","11":"taxable","12":"shipping-taxable","13":"purchasable","14":"product-type-simple"},"_links":{"self":[{"href":"https:\/\/cienfuegos.fr\/index.php\/wp-json\/wp\/v2\/product\/299277","targetHints":{"allow":["GET"]}}],"collection":[{"href":"https:\/\/cienfuegos.fr\/index.php\/wp-json\/wp\/v2\/product"}],"about":[{"href":"https:\/\/cienfuegos.fr\/index.php\/wp-json\/wp\/v2\/types\/product"}],"replies":[{"embeddable":true,"href":"https:\/\/cienfuegos.fr\/index.php\/wp-json\/wp\/v2\/comments?post=299277"}],"wp:featuredmedia":[{"embeddable":true,"href":"https:\/\/cienfuegos.fr\/index.php\/wp-json\/wp\/v2\/media\/299278"}],"wp:attachment":[{"href":"https:\/\/cienfuegos.fr\/index.php\/wp-json\/wp\/v2\/media?parent=299277"}],"curies":[{"name":"wp","href":"https:\/\/api.w.org\/{rel}","templated":true}]}}