{"id":299271,"date":"2025-10-06T22:40:30","date_gmt":"2025-10-06T20:40:30","guid":{"rendered":"https:\/\/cienfuegos.fr\/?post_type=product&#038;p=299271"},"modified":"2026-03-28T18:19:57","modified_gmt":"2026-03-28T17:19:57","slug":"palestina-infinita","status":"publish","type":"product","link":"https:\/\/cienfuegos.fr\/index.php\/product\/palestina-infinita\/","title":{"rendered":"Palestina infinita"},"content":{"rendered":"<p>&nbsp;<\/p>\n<p>&nbsp;<\/p>\n","protected":false},"excerpt":{"rendered":"<p>T\u00edtulo: Palestina infinita<\/p>\n<p>Autor: Yasna Mussa<\/p>\n<p>&nbsp;<\/p>\n<p><strong>Una cr\u00f3nica de lucha, despojo y esperanza.<\/strong><\/p>\n<p>\u00abPalestina infinita es un recorrido por las voces, memorias y caminos de quienes han vivido la ocupaci\u00f3n y el exilio palestino; una serie de relatos que entretejen la cr\u00f3nica period\u00edstica, el reporte de guerra y el testimonio personal. Este libro emerge desde el 7 de octubre de 2023, cuando el mundo se estremeci\u00f3 con una nueva escalada de violencia en Gaza, como una b\u00fasqueda urgente por comprender el entramado hist\u00f3rico y humano de una lucha que trasciende fronteras y generaciones. Yasna Mussa, periodista chilena-palestina, recoge testimonios e historias de vida a trav\u00e9s de distintos viajes que realiza por Palestina, los campos de refugiados en Siria, L\u00edbano, Jordania y Egipto, y la di\u00e1spora en Am\u00e9rica Latina. As\u00ed, traza un mapa de resistencia y pertenencia, a trav\u00e9s de relatos de infancia bajo el asedio, de familias separadas por fronteras y de descendientes que reconstruyen su identidad a miles de kil\u00f3metros de su tierra. M\u00e1s all\u00e1 de los discursos, Palestina infinita confronta las narrativas impuestas con historias de vida, explorando la relaci\u00f3n de la di\u00e1spora con la causa palestina y la manera en que la geopol\u00edtica global sigue moldeando el destino de un pueblo que se niega a desaparecer. \u00ab<\/p>\n","protected":false},"featured_media":299273,"comment_status":"open","ping_status":"closed","template":"","meta":[],"class_list":{"0":"post-299271","1":"product","2":"type-product","3":"status-publish","4":"has-post-thumbnail","6":"product_cat-uncategorized","7":"product_cat-novedades","8":"product_cat-poesia","9":"product_cat-recomendados","10":"post","12":"first","13":"instock","14":"taxable","15":"shipping-taxable","16":"purchasable","17":"product-type-simple"},"_links":{"self":[{"href":"https:\/\/cienfuegos.fr\/index.php\/wp-json\/wp\/v2\/product\/299271","targetHints":{"allow":["GET"]}}],"collection":[{"href":"https:\/\/cienfuegos.fr\/index.php\/wp-json\/wp\/v2\/product"}],"about":[{"href":"https:\/\/cienfuegos.fr\/index.php\/wp-json\/wp\/v2\/types\/product"}],"replies":[{"embeddable":true,"href":"https:\/\/cienfuegos.fr\/index.php\/wp-json\/wp\/v2\/comments?post=299271"}],"wp:featuredmedia":[{"embeddable":true,"href":"https:\/\/cienfuegos.fr\/index.php\/wp-json\/wp\/v2\/media\/299273"}],"wp:attachment":[{"href":"https:\/\/cienfuegos.fr\/index.php\/wp-json\/wp\/v2\/media?parent=299271"}],"curies":[{"name":"wp","href":"https:\/\/api.w.org\/{rel}","templated":true}]}}