{"id":2987,"date":"2020-07-13T17:02:36","date_gmt":"2020-07-13T15:02:36","guid":{"rendered":"https:\/\/cienfuegos.fr\/?post_type=product&#038;p=2987"},"modified":"2020-09-06T01:08:21","modified_gmt":"2020-09-05T23:08:21","slug":"moriras-lejos-2","status":"publish","type":"product","link":"https:\/\/cienfuegos.fr\/index.php\/product\/moriras-lejos-2\/","title":{"rendered":"Morir\u00e1s lejos"},"content":{"rendered":"","protected":false},"excerpt":{"rendered":"<p>Autor: Pacheco, Jos\u00e9 Emilio<br \/>\nEditorial: Joaqu\u00edn Mortiz<br \/>\nA\u00f1o de publicaci\u00f3n: 1967<br \/>\nN\u00famero de p\u00e1ginas: 137<br \/>\nI.S.B.N :<\/p>\n<p>Primera edici\u00f3n. Dedicado por el autor al cineasta franc\u00e9s Louis Malle. Morir\u00e1s Lejos &#8211; la sentencia aplicada a las v\u00edctimas que acaso resumir\u00e1 tambi\u00e9n el destino que espera el verdugo- es un relato o una serie imbrincada de relatos absoluta y voluntariamente al margen de la novela. Es una construcci\u00f3n verbal sin ning\u00fan prop\u00f3sito psicologista y una obra que s\u00f3lo el lector puede completar o definir.Al concepto de \u00abcreaci\u00f3n\u00bb suma el de organizaci\u00f3n: reclama para la prosa narrativa esa libertad concedida a otras artes de poder emplear junto a la propia inventiva materiales ajenos: documentos y testimonios libremente reelaborados que en estas p\u00e1ginas conviven con una historia que es pura fantas\u00eda. Con la misma arbitrariedad se emplean aqu\u00ed los recursos estil\u00edsticos tradicionales y las convenciones de la \u00abvanguardia\u00bb. Hasta la falsa erudici\u00f3n y el falso esoterismo se convierten en la materia misma de un texto que opone a la idea de los g\u00e9neros la tentativa de una escritura total.<\/p>\n","protected":false},"featured_media":4723,"comment_status":"closed","ping_status":"closed","template":"","meta":[],"class_list":{"0":"post-2987","1":"product","2":"type-product","3":"status-publish","4":"has-post-thumbnail","6":"product_cat-narrativa","7":"post","9":"first","10":"instock","11":"taxable","12":"shipping-taxable","13":"purchasable","14":"product-type-simple"},"_links":{"self":[{"href":"https:\/\/cienfuegos.fr\/index.php\/wp-json\/wp\/v2\/product\/2987","targetHints":{"allow":["GET"]}}],"collection":[{"href":"https:\/\/cienfuegos.fr\/index.php\/wp-json\/wp\/v2\/product"}],"about":[{"href":"https:\/\/cienfuegos.fr\/index.php\/wp-json\/wp\/v2\/types\/product"}],"replies":[{"embeddable":true,"href":"https:\/\/cienfuegos.fr\/index.php\/wp-json\/wp\/v2\/comments?post=2987"}],"wp:featuredmedia":[{"embeddable":true,"href":"https:\/\/cienfuegos.fr\/index.php\/wp-json\/wp\/v2\/media\/4723"}],"wp:attachment":[{"href":"https:\/\/cienfuegos.fr\/index.php\/wp-json\/wp\/v2\/media?parent=2987"}],"curies":[{"name":"wp","href":"https:\/\/api.w.org\/{rel}","templated":true}]}}