{"id":2986,"date":"2020-07-13T17:02:35","date_gmt":"2020-07-13T15:02:35","guid":{"rendered":"https:\/\/cienfuegos.fr\/?post_type=product&#038;p=2986"},"modified":"2020-08-09T00:33:02","modified_gmt":"2020-08-08T22:33:02","slug":"el-asesinato-de-garcia-lorca-2","status":"publish","type":"product","link":"https:\/\/cienfuegos.fr\/index.php\/product\/el-asesinato-de-garcia-lorca-2\/","title":{"rendered":"El asesinato de Garc\u00eda Lorca"},"content":{"rendered":"","protected":false},"excerpt":{"rendered":"<p>Autor: Gibson, Ian<br \/>\nEditorial: Cr\u00edtica, Grijalbo<br \/>\nA\u00f1o de publicaci\u00f3n:<br \/>\nN\u00famero de p\u00e1ginas:<br \/>\nI.S.B.N:<\/p>\n<p>Ejemplar dedicado por el autor a Luis Bu\u00f1uel. Incluye una copia de la carta que el autor le envi\u00f3 a Bu\u00f1uel con el libro, y una copia de la respuesta de Bu\u00f1uel, m\u00e1s la carta original del autor al hijo de Bu\u00f1uel<\/p>\n","protected":false},"featured_media":4722,"comment_status":"closed","ping_status":"closed","template":"","meta":[],"class_list":{"0":"post-2986","1":"product","2":"type-product","3":"status-publish","4":"has-post-thumbnail","6":"product_cat-diarios-y-biografias-coleccionables","7":"post","9":"first","10":"instock","11":"taxable","12":"shipping-taxable","13":"purchasable","14":"product-type-simple"},"_links":{"self":[{"href":"https:\/\/cienfuegos.fr\/index.php\/wp-json\/wp\/v2\/product\/2986","targetHints":{"allow":["GET"]}}],"collection":[{"href":"https:\/\/cienfuegos.fr\/index.php\/wp-json\/wp\/v2\/product"}],"about":[{"href":"https:\/\/cienfuegos.fr\/index.php\/wp-json\/wp\/v2\/types\/product"}],"replies":[{"embeddable":true,"href":"https:\/\/cienfuegos.fr\/index.php\/wp-json\/wp\/v2\/comments?post=2986"}],"wp:featuredmedia":[{"embeddable":true,"href":"https:\/\/cienfuegos.fr\/index.php\/wp-json\/wp\/v2\/media\/4722"}],"wp:attachment":[{"href":"https:\/\/cienfuegos.fr\/index.php\/wp-json\/wp\/v2\/media?parent=2986"}],"curies":[{"name":"wp","href":"https:\/\/api.w.org\/{rel}","templated":true}]}}