{"id":2983,"date":"2020-07-13T17:02:30","date_gmt":"2020-07-13T15:02:30","guid":{"rendered":"https:\/\/cienfuegos.fr\/?post_type=product&#038;p=2983"},"modified":"2020-09-06T01:10:05","modified_gmt":"2020-09-05T23:10:05","slug":"con-luis-bunuel-en-hollywood-y-despues-2","status":"publish","type":"product","link":"https:\/\/cienfuegos.fr\/index.php\/product\/con-luis-bunuel-en-hollywood-y-despues-2\/","title":{"rendered":"Con Luis Bu\u00f1uel en Hollywood y despu\u00e9s."},"content":{"rendered":"","protected":false},"excerpt":{"rendered":"<p>Autor: Rubia Barcia, Jos\u00e9<br \/>\nEditorial: Edicio\u0301s do Castro<br \/>\nA\u00f1o de publicaci\u00f3n: 1992<br \/>\nN\u00famero de p\u00e1ginas:<br \/>\nI.S.B.N : 978-8474925821<\/p>\n<p>Como nuevo. Dedicado por el autor al hijo de Bu\u00f1uel.<\/p>\n","protected":false},"featured_media":5258,"comment_status":"closed","ping_status":"closed","template":"","meta":[],"class_list":{"0":"post-2983","1":"product","2":"type-product","3":"status-publish","4":"has-post-thumbnail","6":"product_cat-cine","7":"product_cat-diarios_y_biografias","8":"post","10":"first","11":"instock","12":"taxable","13":"shipping-taxable","14":"purchasable","15":"product-type-simple"},"_links":{"self":[{"href":"https:\/\/cienfuegos.fr\/index.php\/wp-json\/wp\/v2\/product\/2983","targetHints":{"allow":["GET"]}}],"collection":[{"href":"https:\/\/cienfuegos.fr\/index.php\/wp-json\/wp\/v2\/product"}],"about":[{"href":"https:\/\/cienfuegos.fr\/index.php\/wp-json\/wp\/v2\/types\/product"}],"replies":[{"embeddable":true,"href":"https:\/\/cienfuegos.fr\/index.php\/wp-json\/wp\/v2\/comments?post=2983"}],"wp:featuredmedia":[{"embeddable":true,"href":"https:\/\/cienfuegos.fr\/index.php\/wp-json\/wp\/v2\/media\/5258"}],"wp:attachment":[{"href":"https:\/\/cienfuegos.fr\/index.php\/wp-json\/wp\/v2\/media?parent=2983"}],"curies":[{"name":"wp","href":"https:\/\/api.w.org\/{rel}","templated":true}]}}