{"id":2978,"date":"2020-07-13T17:02:22","date_gmt":"2020-07-13T15:02:22","guid":{"rendered":"https:\/\/cienfuegos.fr\/?post_type=product&#038;p=2978"},"modified":"2020-09-06T01:13:35","modified_gmt":"2020-09-05T23:13:35","slug":"el-matrimonio-del-cielo-y-del-infierno-2","status":"publish","type":"product","link":"https:\/\/cienfuegos.fr\/index.php\/product\/el-matrimonio-del-cielo-y-del-infierno-2\/","title":{"rendered":"El matrimonio del cielo y del infierno"},"content":{"rendered":"","protected":false},"excerpt":{"rendered":"<p>Autor: Blake, William; Villaurrutia, Xavier<br \/>\nEditorial: Los contempor\u00e1neos<br \/>\nA\u00f1o de publicaci\u00f3n: 1929<br \/>\nN\u00famero de p\u00e1ginas:<br \/>\nI.S.B.N:<\/p>\n<p>Encuadernaci\u00f3n de tapa blanda. Condici\u00f3n: Muy bien. 1\u00aa Edici\u00f3n. Se trata de la conocida traducci\u00f3n de Xavier Villaurrutia, en la edici\u00f3n limitada de 200 ejemplares (este es el n\u00famero 124). Salvo el lomo, bastante deteriorado, es un ejemplar muy bien conservado. El interior est\u00e1 impecable. El libro lleva una dedicatoria de Xavier Villarrutia a un conocido escritor espa\u00f1ol.<\/p>\n","protected":false},"featured_media":4715,"comment_status":"closed","ping_status":"closed","template":"","meta":[],"class_list":{"0":"post-2978","1":"product","2":"type-product","3":"status-publish","4":"has-post-thumbnail","6":"product_cat-poesia-coleccionables","7":"post","9":"first","10":"instock","11":"taxable","12":"shipping-taxable","13":"purchasable","14":"product-type-simple"},"_links":{"self":[{"href":"https:\/\/cienfuegos.fr\/index.php\/wp-json\/wp\/v2\/product\/2978","targetHints":{"allow":["GET"]}}],"collection":[{"href":"https:\/\/cienfuegos.fr\/index.php\/wp-json\/wp\/v2\/product"}],"about":[{"href":"https:\/\/cienfuegos.fr\/index.php\/wp-json\/wp\/v2\/types\/product"}],"replies":[{"embeddable":true,"href":"https:\/\/cienfuegos.fr\/index.php\/wp-json\/wp\/v2\/comments?post=2978"}],"wp:featuredmedia":[{"embeddable":true,"href":"https:\/\/cienfuegos.fr\/index.php\/wp-json\/wp\/v2\/media\/4715"}],"wp:attachment":[{"href":"https:\/\/cienfuegos.fr\/index.php\/wp-json\/wp\/v2\/media?parent=2978"}],"curies":[{"name":"wp","href":"https:\/\/api.w.org\/{rel}","templated":true}]}}