{"id":2976,"date":"2020-07-13T17:02:20","date_gmt":"2020-07-13T15:02:20","guid":{"rendered":"https:\/\/cienfuegos.fr\/?post_type=product&#038;p=2976"},"modified":"2020-09-06T01:14:14","modified_gmt":"2020-09-05T23:14:14","slug":"luto-2","status":"publish","type":"product","link":"https:\/\/cienfuegos.fr\/index.php\/product\/luto-2\/","title":{"rendered":"Luto"},"content":{"rendered":"","protected":false},"excerpt":{"rendered":"<p>Autor: Scott, Edgardo<br \/>\nEditorial: Emec\u00e9<br \/>\nA\u00f1o de publicaci\u00f3n:<br \/>\nN\u00famero de p\u00e1ginas:<br \/>\nI.S.B.N:<\/p>\n<p>Alguna vez la libertad, el honor y la revoluci\u00f3n fueron utop\u00edas sociales. Para algunos, causas por las que dar la vida; para otros, palabras e ideas que determinan la moral de una \u00e9poca: su \u00e9pica. Esta novela, que tiene a la inseguridad como tema y como s\u00edntoma, es el negativo de esa utop\u00eda. En el paisaje violento y marginal del suburbio, Chiche sufre un robo en el negocio de electrodom\u00e9sticos que hered\u00f3 de su padre. Su reacci\u00f3n defensiva da origen a un tiroteo que termina con la vida de su mujer. A partir de ese hecho, sus d\u00edas transcurren en una apat\u00eda poblada de fantas\u00edas de venganza que ni la presencia de su hija, ni la de su vecino y \u00fanico amigo, ni la de otras dos mujeres, logran paliar. Porque Chiche no es ni un viudo ni un solitario: es un hombre solo. Western orillero, thriller del conurbano, f\u00e1bula moderna del fin de una \u00e9poca, Luto es sobre todo la historia ag\u00f3nica de un hombre gris llevado a un destino inexorable.<\/p>\n","protected":false},"featured_media":5525,"comment_status":"closed","ping_status":"closed","template":"","meta":[],"class_list":{"0":"post-2976","1":"product","2":"type-product","3":"status-publish","4":"has-post-thumbnail","6":"product_cat-narrativa","7":"post","9":"first","10":"instock","11":"taxable","12":"shipping-taxable","13":"purchasable","14":"product-type-simple"},"_links":{"self":[{"href":"https:\/\/cienfuegos.fr\/index.php\/wp-json\/wp\/v2\/product\/2976","targetHints":{"allow":["GET"]}}],"collection":[{"href":"https:\/\/cienfuegos.fr\/index.php\/wp-json\/wp\/v2\/product"}],"about":[{"href":"https:\/\/cienfuegos.fr\/index.php\/wp-json\/wp\/v2\/types\/product"}],"replies":[{"embeddable":true,"href":"https:\/\/cienfuegos.fr\/index.php\/wp-json\/wp\/v2\/comments?post=2976"}],"wp:featuredmedia":[{"embeddable":true,"href":"https:\/\/cienfuegos.fr\/index.php\/wp-json\/wp\/v2\/media\/5525"}],"wp:attachment":[{"href":"https:\/\/cienfuegos.fr\/index.php\/wp-json\/wp\/v2\/media?parent=2976"}],"curies":[{"name":"wp","href":"https:\/\/api.w.org\/{rel}","templated":true}]}}