{"id":2975,"date":"2020-07-13T17:02:18","date_gmt":"2020-07-13T15:02:18","guid":{"rendered":"https:\/\/cienfuegos.fr\/?post_type=product&#038;p=2975"},"modified":"2020-09-06T01:15:06","modified_gmt":"2020-09-05T23:15:06","slug":"la-literatura-nazi-en-america-2","status":"publish","type":"product","link":"https:\/\/cienfuegos.fr\/index.php\/product\/la-literatura-nazi-en-america-2\/","title":{"rendered":"La literatura nazi en Am\u00e9rica"},"content":{"rendered":"","protected":false},"excerpt":{"rendered":"<p>Autor: Bola\u00f1o, Roberto<br \/>\nEditorial: Anagrama<br \/>\nA\u00f1o de publicaci\u00f3n: 2010<br \/>\nN\u00famero de p\u00e1ginas:<br \/>\nI.S.B.N :<\/p>\n<p>Colecci\u00f3n Narrativas hisp\u00e1nicas. La literatura nazi en Am\u00e9rica es, en palabras de su autor, \u00abuna antolog\u00eda vagamente enciclop\u00e9dica de la literatura filonazi producida en Am\u00e9rica desde 1930 hasta 2010, un contexto cultural que, a diferencia de Europa, no tiene conciencia de lo que es y donde se cae con frecuencia en la desmesura\u00bb. Escrita a imitaci\u00f3n de los diccionarios de literatura, esta ingenios\u00edsima obra de ficci\u00f3n disfrazada de manual se compone de las m\u00e1s variadas rese\u00f1as dedicadas a la vida y la obra de autores inexistentes de una literatura inexistente, y constituye una excelente parodia de la historia real de la literatura iberoamericana. Con la publicaci\u00f3n en 1996 de este diccionario de autores infames, Roberto Bola\u00f1o llam\u00f3 por primera vez la atenci\u00f3n de la cr\u00edtica, que alab\u00f3 su originalidad y brillante inventiva. Hoy en d\u00eda, en especial gracias a Los detectives salvajes y 2666, Roberto Bola\u00f1o est\u00e1 considerado uno de los autores m\u00e1s importantes, renovadores e influyentes, y su obra, uno de los grandes logros de la literatura en lengua espa\u00f1ola de las \u00faltimas d\u00e9cadas.<\/p>\n","protected":false},"featured_media":4712,"comment_status":"closed","ping_status":"closed","template":"","meta":[],"class_list":{"0":"post-2975","1":"product","2":"type-product","3":"status-publish","4":"has-post-thumbnail","6":"product_cat-narrativa","7":"post","9":"first","10":"instock","11":"taxable","12":"shipping-taxable","13":"purchasable","14":"product-type-simple"},"_links":{"self":[{"href":"https:\/\/cienfuegos.fr\/index.php\/wp-json\/wp\/v2\/product\/2975","targetHints":{"allow":["GET"]}}],"collection":[{"href":"https:\/\/cienfuegos.fr\/index.php\/wp-json\/wp\/v2\/product"}],"about":[{"href":"https:\/\/cienfuegos.fr\/index.php\/wp-json\/wp\/v2\/types\/product"}],"replies":[{"embeddable":true,"href":"https:\/\/cienfuegos.fr\/index.php\/wp-json\/wp\/v2\/comments?post=2975"}],"wp:featuredmedia":[{"embeddable":true,"href":"https:\/\/cienfuegos.fr\/index.php\/wp-json\/wp\/v2\/media\/4712"}],"wp:attachment":[{"href":"https:\/\/cienfuegos.fr\/index.php\/wp-json\/wp\/v2\/media?parent=2975"}],"curies":[{"name":"wp","href":"https:\/\/api.w.org\/{rel}","templated":true}]}}