{"id":2973,"date":"2020-07-13T17:02:14","date_gmt":"2020-07-13T15:02:14","guid":{"rendered":"https:\/\/cienfuegos.fr\/?post_type=product&#038;p=2973"},"modified":"2021-01-20T22:32:59","modified_gmt":"2021-01-20T21:32:59","slug":"el-marmol-2","status":"publish","type":"product","link":"https:\/\/cienfuegos.fr\/index.php\/product\/el-marmol-2\/","title":{"rendered":"El m\u00e1rmol"},"content":{"rendered":"","protected":false},"excerpt":{"rendered":"<p>Autor: Aira, C\u00e9sar<br \/>\nEditorial: La bestia equil\u00e1tera<br \/>\nA\u00f1o de publicaci\u00f3n:<br \/>\nN\u00famero de p\u00e1ginas:<br \/>\nI.S.B.N:<\/p>\n<p>A falta de cambio, el cajero de un supermercado chino le ofrece al protagonista de esta novela que elija entre un mont\u00f3n de nader\u00edas. Resignado, el hombre manotea al azar unas pilas chinas, un ojo de goma con luz, una tabla de prote\u00ednas, una hebilla dorada, una cucharita lupa, un anillo de pl\u00e1stico y una c\u00e1mara fotogr\u00e1fica del tama\u00f1o de un dado. Ignora que al salir lo espera una aventura, y que a esos objetos que cree in\u00fatiles podr\u00e1 darles una funci\u00f3n ins\u00f3lita en cada cap\u00edtulo de sus andanzas.<br \/>\nLas novelas de C\u00e9sar Aira convocan a un lector dispuesto a jugar con \u00e9l el juego de la improvisaci\u00f3n. Con la irreverencia de un ni\u00f1o y la inocencia de un artista genial, Aira consigue lo imposible: crear la sensaci\u00f3n de que lo que cuenta va naciendo, frase a frase, en el puro presente del lector.<br \/>\nHeredero de las vanguardias del siglo XX, C\u00e9sar Aira encontr\u00f3 en sus procedimientos un atajo hacia la fuente primordial de la narraci\u00f3n y, con m\u00e1s de sesenta novelas publicadas, ha creado una obra entregada al riesgo y tocada por la gracia de una rara libertad.<\/p>\n","protected":false},"featured_media":4709,"comment_status":"closed","ping_status":"closed","template":"","meta":[],"class_list":{"0":"post-2973","1":"product","2":"type-product","3":"status-publish","4":"has-post-thumbnail","6":"product_cat-narrativa","7":"post","9":"first","10":"onbackorder","11":"taxable","12":"shipping-taxable","13":"purchasable","14":"product-type-simple"},"_links":{"self":[{"href":"https:\/\/cienfuegos.fr\/index.php\/wp-json\/wp\/v2\/product\/2973","targetHints":{"allow":["GET"]}}],"collection":[{"href":"https:\/\/cienfuegos.fr\/index.php\/wp-json\/wp\/v2\/product"}],"about":[{"href":"https:\/\/cienfuegos.fr\/index.php\/wp-json\/wp\/v2\/types\/product"}],"replies":[{"embeddable":true,"href":"https:\/\/cienfuegos.fr\/index.php\/wp-json\/wp\/v2\/comments?post=2973"}],"wp:featuredmedia":[{"embeddable":true,"href":"https:\/\/cienfuegos.fr\/index.php\/wp-json\/wp\/v2\/media\/4709"}],"wp:attachment":[{"href":"https:\/\/cienfuegos.fr\/index.php\/wp-json\/wp\/v2\/media?parent=2973"}],"curies":[{"name":"wp","href":"https:\/\/api.w.org\/{rel}","templated":true}]}}