{"id":2972,"date":"2020-07-13T17:02:13","date_gmt":"2020-07-13T15:02:13","guid":{"rendered":"https:\/\/cienfuegos.fr\/?post_type=product&#038;p=2972"},"modified":"2020-09-06T01:16:54","modified_gmt":"2020-09-05T23:16:54","slug":"la-abeja-2","status":"publish","type":"product","link":"https:\/\/cienfuegos.fr\/index.php\/product\/la-abeja-2\/","title":{"rendered":"La abeja"},"content":{"rendered":"","protected":false},"excerpt":{"rendered":"<p>Autor: Aira, C\u00e9sar<br \/>\nEditorial: Emec\u00e9<br \/>\nA\u00f1o de publicaci\u00f3n:<br \/>\nN\u00famero de p\u00e1ginas:<br \/>\nI.S.B.N : 978-9500416344<br \/>\n1ra edici\u00f3n. Perfecto estado. Un apicultor en apuros econ\u00f3micos secuestra a la esposa de su contador, olvidando que \u00e9l tambi\u00e9n tiene esposa, y que su contador es un hombre peligroso\u2026Las violencias sim\u00e9tricas engendran una vertiginosa aventura dominada por la presencia obsesiva de la Abeja, pero de la que participan tambi\u00e9n una mujer hist\u00e9rica, una madre experta en contar cuentos interminables, una adolescente sensual y varios chinos.<\/p>\n","protected":false},"featured_media":4708,"comment_status":"closed","ping_status":"closed","template":"","meta":[],"class_list":{"0":"post-2972","1":"product","2":"type-product","3":"status-publish","4":"has-post-thumbnail","6":"product_cat-narrativa","7":"post","9":"first","10":"instock","11":"taxable","12":"shipping-taxable","13":"purchasable","14":"product-type-simple"},"_links":{"self":[{"href":"https:\/\/cienfuegos.fr\/index.php\/wp-json\/wp\/v2\/product\/2972","targetHints":{"allow":["GET"]}}],"collection":[{"href":"https:\/\/cienfuegos.fr\/index.php\/wp-json\/wp\/v2\/product"}],"about":[{"href":"https:\/\/cienfuegos.fr\/index.php\/wp-json\/wp\/v2\/types\/product"}],"replies":[{"embeddable":true,"href":"https:\/\/cienfuegos.fr\/index.php\/wp-json\/wp\/v2\/comments?post=2972"}],"wp:featuredmedia":[{"embeddable":true,"href":"https:\/\/cienfuegos.fr\/index.php\/wp-json\/wp\/v2\/media\/4708"}],"wp:attachment":[{"href":"https:\/\/cienfuegos.fr\/index.php\/wp-json\/wp\/v2\/media?parent=2972"}],"curies":[{"name":"wp","href":"https:\/\/api.w.org\/{rel}","templated":true}]}}