{"id":2971,"date":"2020-07-13T17:02:12","date_gmt":"2020-07-13T15:02:12","guid":{"rendered":"https:\/\/cienfuegos.fr\/?post_type=product&#038;p=2971"},"modified":"2020-08-09T00:48:59","modified_gmt":"2020-08-08T22:48:59","slug":"entre-los-indios-2","status":"publish","type":"product","link":"https:\/\/cienfuegos.fr\/index.php\/product\/entre-los-indios-2\/","title":{"rendered":"Entre los indios"},"content":{"rendered":"","protected":false},"excerpt":{"rendered":"<p>Autor: Aira, C\u00e9sar<br \/>\nEditorial: Mansalva<br \/>\nA\u00f1o de publicaci\u00f3n:<br \/>\nN\u00famero de p\u00e1ginas:<br \/>\nI.S.B.N : 9789871474738<\/p>\n<p>\u00abHab\u00eda o\u00eddo hablar de naciones ind\u00edgenas, selv\u00e1ticas, que no constru\u00edan ni fabricaban nada que no fuera de la m\u00e1s estricta necesidad, y andaban desnudos, a favor de climas benignos. Gente m\u00e1s razonable, evidentemente. Pero no tanto. Porque lo material era apenas la cara visible de una carga mucho mayor, mucho m\u00e1s abrumadora de lo que suger\u00edan las pir\u00e1mides de piedra. Hab\u00eda otra clase de construcciones y fabricaciones. Por ejemplo los relatos, hist\u00f3ricos o mitol\u00f3gicos, o una mezcla de los dos, con los que cre\u00edan confirmar su condici\u00f3n de seres pensantes. Aunque en su mayor\u00eda eran repeticiones inmemoriales, alguien ten\u00eda que haberlos contado por primera vez, y en realidad siempre era la primera vez\u00bb.<\/p>\n","protected":false},"featured_media":4707,"comment_status":"closed","ping_status":"closed","template":"","meta":[],"class_list":{"0":"post-2971","1":"product","2":"type-product","3":"status-publish","4":"has-post-thumbnail","6":"product_cat-narrativa","7":"post","9":"first","10":"instock","11":"taxable","12":"shipping-taxable","13":"purchasable","14":"product-type-simple"},"_links":{"self":[{"href":"https:\/\/cienfuegos.fr\/index.php\/wp-json\/wp\/v2\/product\/2971","targetHints":{"allow":["GET"]}}],"collection":[{"href":"https:\/\/cienfuegos.fr\/index.php\/wp-json\/wp\/v2\/product"}],"about":[{"href":"https:\/\/cienfuegos.fr\/index.php\/wp-json\/wp\/v2\/types\/product"}],"replies":[{"embeddable":true,"href":"https:\/\/cienfuegos.fr\/index.php\/wp-json\/wp\/v2\/comments?post=2971"}],"wp:featuredmedia":[{"embeddable":true,"href":"https:\/\/cienfuegos.fr\/index.php\/wp-json\/wp\/v2\/media\/4707"}],"wp:attachment":[{"href":"https:\/\/cienfuegos.fr\/index.php\/wp-json\/wp\/v2\/media?parent=2971"}],"curies":[{"name":"wp","href":"https:\/\/api.w.org\/{rel}","templated":true}]}}