{"id":2970,"date":"2020-07-13T17:02:10","date_gmt":"2020-07-13T15:02:10","guid":{"rendered":"https:\/\/cienfuegos.fr\/?post_type=product&#038;p=2970"},"modified":"2020-09-06T01:18:41","modified_gmt":"2020-09-05T23:18:41","slug":"un-retrato-para-dickens-2","status":"publish","type":"product","link":"https:\/\/cienfuegos.fr\/index.php\/product\/un-retrato-para-dickens-2\/","title":{"rendered":"Un retrato para Dickens"},"content":{"rendered":"","protected":false},"excerpt":{"rendered":"<p>Autor: Sommers, Armon\u00eda<br \/>\nEditorial: Cuenco de plata<br \/>\nA\u00f1o de publicaci\u00f3n:<br \/>\nN\u00famero de p\u00e1ginas:<br \/>\nI.S.B.N : 978-987-1772-37-7<\/p>\n<p>Materiales tan dis\u00edmiles y heterog\u00e9neos como El libro de Tob\u00edas, la confesi\u00f3n policial de una ni\u00f1a de 10 a\u00f1os que intenta suicidarse, un viejo recetario de cocina y el relato de un loro que resume la trama entrevista desde su jaula, constituyen la base de una de las novelas m\u00e1s arriesgadas y conmovedoras de la autora de S\u00f3lo los elefantes encuentran mandr\u00e1gora.<\/p>\n","protected":false},"featured_media":4638,"comment_status":"closed","ping_status":"closed","template":"","meta":[],"class_list":{"0":"post-2970","1":"product","2":"type-product","3":"status-publish","4":"has-post-thumbnail","6":"product_cat-narrativa","7":"post","9":"first","10":"instock","11":"taxable","12":"shipping-taxable","13":"purchasable","14":"product-type-simple"},"_links":{"self":[{"href":"https:\/\/cienfuegos.fr\/index.php\/wp-json\/wp\/v2\/product\/2970","targetHints":{"allow":["GET"]}}],"collection":[{"href":"https:\/\/cienfuegos.fr\/index.php\/wp-json\/wp\/v2\/product"}],"about":[{"href":"https:\/\/cienfuegos.fr\/index.php\/wp-json\/wp\/v2\/types\/product"}],"replies":[{"embeddable":true,"href":"https:\/\/cienfuegos.fr\/index.php\/wp-json\/wp\/v2\/comments?post=2970"}],"wp:featuredmedia":[{"embeddable":true,"href":"https:\/\/cienfuegos.fr\/index.php\/wp-json\/wp\/v2\/media\/4638"}],"wp:attachment":[{"href":"https:\/\/cienfuegos.fr\/index.php\/wp-json\/wp\/v2\/media?parent=2970"}],"curies":[{"name":"wp","href":"https:\/\/api.w.org\/{rel}","templated":true}]}}