{"id":2968,"date":"2020-07-13T17:02:07","date_gmt":"2020-07-13T15:02:07","guid":{"rendered":"https:\/\/cienfuegos.fr\/?post_type=product&#038;p=2968"},"modified":"2020-09-06T01:25:11","modified_gmt":"2020-09-05T23:25:11","slug":"zeta-2","status":"publish","type":"product","link":"https:\/\/cienfuegos.fr\/index.php\/product\/zeta-2\/","title":{"rendered":"Zeta"},"content":{"rendered":"","protected":false},"excerpt":{"rendered":"<p>Autor: Vilas, Manuel<br \/>\nEditorial: Salto de P\u00e1gina<br \/>\nA\u00f1o de publicaci\u00f3n:<br \/>\nN\u00famero de p\u00e1ginas:<br \/>\nI.S.B.N : 9788416148011<\/p>\n<p>\u00abYo creo que Zeta es uno de los grandes libros de la literatura del futuro. No de ahora, sino del futuro. Porque el futuro es m\u00edo.\u00bb Del pr\u00f3logo del autor a esta edici\u00f3n. Zeta son los recuerdos y los enigmas cotidianos a los que se enfrenta una personalidad desquiciada, un narrador que habla sin reservas, sin l\u00edmites de ninguna clase, y que evoca el final de los a\u00f1os setenta desde un presente que se convierte en un tiempo herido. Por Zeta deambulan un vampiro que crece un poco todos los d\u00edas, un adolescente psic\u00f3tico, un perro, un hombre que estuvo en Dinamarca, un escritor que dice llamarse Truman Capote, y tambi\u00e9n zapatos, colchones, pasillos o piscinas abandonadas. Con su rescate celebramos la consagraci\u00f3n de uno de los autores m\u00e1s aclamados y originales de su generaci\u00f3n, y propiciamos el reencuentro con el lector de su primer libro de relatos, que es hoy una de sus obras menos conocidas.<\/p>\n","protected":false},"featured_media":4897,"comment_status":"closed","ping_status":"closed","template":"","meta":[],"class_list":{"0":"post-2968","1":"product","2":"type-product","3":"status-publish","4":"has-post-thumbnail","6":"product_cat-poesia","7":"post","9":"first","10":"instock","11":"taxable","12":"shipping-taxable","13":"purchasable","14":"product-type-simple"},"_links":{"self":[{"href":"https:\/\/cienfuegos.fr\/index.php\/wp-json\/wp\/v2\/product\/2968","targetHints":{"allow":["GET"]}}],"collection":[{"href":"https:\/\/cienfuegos.fr\/index.php\/wp-json\/wp\/v2\/product"}],"about":[{"href":"https:\/\/cienfuegos.fr\/index.php\/wp-json\/wp\/v2\/types\/product"}],"replies":[{"embeddable":true,"href":"https:\/\/cienfuegos.fr\/index.php\/wp-json\/wp\/v2\/comments?post=2968"}],"wp:featuredmedia":[{"embeddable":true,"href":"https:\/\/cienfuegos.fr\/index.php\/wp-json\/wp\/v2\/media\/4897"}],"wp:attachment":[{"href":"https:\/\/cienfuegos.fr\/index.php\/wp-json\/wp\/v2\/media?parent=2968"}],"curies":[{"name":"wp","href":"https:\/\/api.w.org\/{rel}","templated":true}]}}