{"id":2966,"date":"2020-07-13T17:02:04","date_gmt":"2020-07-13T15:02:04","guid":{"rendered":"https:\/\/cienfuegos.fr\/?post_type=product&#038;p=2966"},"modified":"2020-07-29T22:25:27","modified_gmt":"2020-07-29T20:25:27","slug":"los-detectives-salvajes-2","status":"publish","type":"product","link":"https:\/\/cienfuegos.fr\/index.php\/product\/los-detectives-salvajes-2\/","title":{"rendered":"Los detectives salvajes"},"content":{"rendered":"","protected":false},"excerpt":{"rendered":"<p>Autor: Bola\u00f1o, Roberto<br \/>\nEditorial:Vintage<br \/>\nA\u00f1o de publicaci\u00f3n:<br \/>\nN\u00famero de p\u00e1ginas:<br \/>\nI.S.B.N : 9780307476111<\/p>\n<p>Arturo Belano y Ulises Lima, los detectives salvajes, salen a buscar las huellas de Ces\u00e1rea Tinajero, la misteriosa escritora desaparecida en M\u00e9xico en los a\u00f1os inmediatamente posteriores a la Revoluci\u00f3n, y esa b\u00fasqueda -el viaje y sus consecuencias- se prolonga durante veinte a\u00f1os, desde 1976 hasta 1996, el tiempo can\u00f3nico de cualquier errancia, bifurc\u00e1ndose a trav\u00e9s de m\u00faltiples personajes y continentes, en una novela en donde hay de todo: amores y muertes, asesinatos y fugas tur\u00edsticas, manicomios y universidades, desapariciones y apariciones. Sus escenarios son M\u00e9xico, Nicaragua, Estados Unidos, Francia, Espa\u00f1a, Austria, Israel, \u00c1frica, siempre al comp\u00e1s de los detectives salvajes -poetas \u00abdesperados\u00bb, traficantes ocasionales-, Arturo Belano y Ulises Lima, los enigm\u00e1ticos protagonistas de este libro que puede leerse como un refinad\u00edsimo thriller wellesiano, atravesado por un humor iconoclasta y feroz. Entre los personajes destaca un fot\u00f3grafo espa\u00f1ol en el \u00faltimo escal\u00f3n de la desesperaci\u00f3n, un neonazi borderline, un torero mexicano jubilado que vive en el desierto, una estudiante francesa lectora de Sade, una prostituta adolescente en permanente huida, una pr\u00f3cer uruguaya en el 68 latinoamericano, un abogado gallego herido por la poes\u00eda, un editor mexicano perseguido por unos pistoleros a sueldo.<\/p>\n","protected":false},"featured_media":4705,"comment_status":"closed","ping_status":"closed","template":"","meta":[],"class_list":{"0":"post-2966","1":"product","2":"type-product","3":"status-publish","4":"has-post-thumbnail","6":"product_cat-ensayo","7":"post","9":"first","10":"instock","11":"taxable","12":"shipping-taxable","13":"purchasable","14":"product-type-simple"},"_links":{"self":[{"href":"https:\/\/cienfuegos.fr\/index.php\/wp-json\/wp\/v2\/product\/2966","targetHints":{"allow":["GET"]}}],"collection":[{"href":"https:\/\/cienfuegos.fr\/index.php\/wp-json\/wp\/v2\/product"}],"about":[{"href":"https:\/\/cienfuegos.fr\/index.php\/wp-json\/wp\/v2\/types\/product"}],"replies":[{"embeddable":true,"href":"https:\/\/cienfuegos.fr\/index.php\/wp-json\/wp\/v2\/comments?post=2966"}],"wp:featuredmedia":[{"embeddable":true,"href":"https:\/\/cienfuegos.fr\/index.php\/wp-json\/wp\/v2\/media\/4705"}],"wp:attachment":[{"href":"https:\/\/cienfuegos.fr\/index.php\/wp-json\/wp\/v2\/media?parent=2966"}],"curies":[{"name":"wp","href":"https:\/\/api.w.org\/{rel}","templated":true}]}}