{"id":2965,"date":"2020-07-13T17:02:03","date_gmt":"2020-07-13T15:02:03","guid":{"rendered":"https:\/\/cienfuegos.fr\/?post_type=product&#038;p=2965"},"modified":"2020-09-06T01:26:57","modified_gmt":"2020-09-05T23:26:57","slug":"la-ciudad-ausente-2","status":"publish","type":"product","link":"https:\/\/cienfuegos.fr\/index.php\/product\/la-ciudad-ausente-2\/","title":{"rendered":"La ciudad ausente"},"content":{"rendered":"","protected":false},"excerpt":{"rendered":"<p>Autor: Piglia, Ricardo<br \/>\nEditorial: Sudamericana<br \/>\nA\u00f1o de publicaci\u00f3n:<br \/>\nN\u00famero de p\u00e1ginas:<br \/>\nI.S.B.N:<\/p>\n<p>1ra edici\u00f3n, 1992. Perfecto estado. Junior hered\u00f3 de sus antepasados el gusto por los viajes. Acaso para que pueda viajar, la ciudad desaparece. Un Buenos Aires incierto comienza a ser testigo de citas extra\u00f1as, conspiraciones, relatos clandestinos. Una historia de amor puede engendrar una m\u00e1quina, una m\u00e1quina en funcionamiento puede contar una historia de amor. La trama de desenlaces vertiginosos insin\u00faa variaciones sobre un mismo tema: la ciudad como novela. El lugar donde todo ocurre y deja su trazo: el gaucho invisible y los mapas del infierno, la suicida del hotel y la ni\u00f1a monstruo, los nudos blancos y la isla del lenguaje. La novela de Ricardo Piglia, sin embargo, es una novela pol\u00edtica: los personajes se relevan, los acontecimientos adquieren una velocidad desconcertante y Junior, adentr\u00e1ndose en el n\u00facleo de la intriga, accede a una galer\u00eda inaudita de voces simult\u00e1neamente traidoras y fieles a la literatura argentina.<\/p>\n","protected":false},"featured_media":4704,"comment_status":"closed","ping_status":"closed","template":"","meta":[],"class_list":{"0":"post-2965","1":"product","2":"type-product","3":"status-publish","4":"has-post-thumbnail","6":"product_cat-narrativa","7":"post","9":"first","10":"instock","11":"taxable","12":"shipping-taxable","13":"purchasable","14":"product-type-simple"},"_links":{"self":[{"href":"https:\/\/cienfuegos.fr\/index.php\/wp-json\/wp\/v2\/product\/2965","targetHints":{"allow":["GET"]}}],"collection":[{"href":"https:\/\/cienfuegos.fr\/index.php\/wp-json\/wp\/v2\/product"}],"about":[{"href":"https:\/\/cienfuegos.fr\/index.php\/wp-json\/wp\/v2\/types\/product"}],"replies":[{"embeddable":true,"href":"https:\/\/cienfuegos.fr\/index.php\/wp-json\/wp\/v2\/comments?post=2965"}],"wp:featuredmedia":[{"embeddable":true,"href":"https:\/\/cienfuegos.fr\/index.php\/wp-json\/wp\/v2\/media\/4704"}],"wp:attachment":[{"href":"https:\/\/cienfuegos.fr\/index.php\/wp-json\/wp\/v2\/media?parent=2965"}],"curies":[{"name":"wp","href":"https:\/\/api.w.org\/{rel}","templated":true}]}}