{"id":2964,"date":"2020-07-13T17:02:01","date_gmt":"2020-07-13T15:02:01","guid":{"rendered":"https:\/\/cienfuegos.fr\/?post_type=product&#038;p=2964"},"modified":"2020-08-22T17:13:48","modified_gmt":"2020-08-22T15:13:48","slug":"combray-2","status":"publish","type":"product","link":"https:\/\/cienfuegos.fr\/index.php\/product\/combray-2\/","title":{"rendered":"Combray"},"content":{"rendered":"","protected":false},"excerpt":{"rendered":"<p>Autor: Magnus, Ariel<br \/>\nEditorial: Mir\u00edada editora<br \/>\nA\u00f1o de publicaci\u00f3n:<br \/>\nN\u00famero de p\u00e1ginas:<br \/>\nI.S.B.N : 9789874582607<\/p>\n<p>\u00abEn tiempos de buscas perdidas (Mir\u00edada) juega con Proust, o mejor con un procedimiento de Proust: sus comparaciones. Si el lenguaje crea mundo, un sill\u00f3n tiene brazos tal vez con manos y pulseras y las met\u00e1foras de Proust existen, concretas, una por una. Magnus provoca una risa que trasciende el festejo del ingenio. La risa como emoci\u00f3n profunda.\u00bb Drucaroff, Elsa.<\/p>\n","protected":false},"featured_media":5256,"comment_status":"closed","ping_status":"closed","template":"","meta":[],"class_list":{"0":"post-2964","1":"product","2":"type-product","3":"status-publish","4":"has-post-thumbnail","6":"product_cat-narrativa","7":"post","9":"first","10":"instock","11":"taxable","12":"shipping-taxable","13":"purchasable","14":"product-type-simple"},"_links":{"self":[{"href":"https:\/\/cienfuegos.fr\/index.php\/wp-json\/wp\/v2\/product\/2964","targetHints":{"allow":["GET"]}}],"collection":[{"href":"https:\/\/cienfuegos.fr\/index.php\/wp-json\/wp\/v2\/product"}],"about":[{"href":"https:\/\/cienfuegos.fr\/index.php\/wp-json\/wp\/v2\/types\/product"}],"replies":[{"embeddable":true,"href":"https:\/\/cienfuegos.fr\/index.php\/wp-json\/wp\/v2\/comments?post=2964"}],"wp:featuredmedia":[{"embeddable":true,"href":"https:\/\/cienfuegos.fr\/index.php\/wp-json\/wp\/v2\/media\/5256"}],"wp:attachment":[{"href":"https:\/\/cienfuegos.fr\/index.php\/wp-json\/wp\/v2\/media?parent=2964"}],"curies":[{"name":"wp","href":"https:\/\/api.w.org\/{rel}","templated":true}]}}