{"id":2963,"date":"2020-07-13T17:02:00","date_gmt":"2020-07-13T15:02:00","guid":{"rendered":"https:\/\/cienfuegos.fr\/?post_type=product&#038;p=2963"},"modified":"2020-07-29T23:10:15","modified_gmt":"2020-07-29T21:10:15","slug":"todas-las-palabras-para-decir-roca-2","status":"publish","type":"product","link":"https:\/\/cienfuegos.fr\/index.php\/product\/todas-las-palabras-para-decir-roca-2\/","title":{"rendered":"Todas las palabras para decir roca"},"content":{"rendered":"","protected":false},"excerpt":{"rendered":"<p>Autor: Snyder, Gary<br \/>\nEditorial: Gog y Magog<br \/>\nA\u00f1o de publicaci\u00f3n:<br \/>\nN\u00famero de p\u00e1ginas:<br \/>\nI.S.B.N :<\/p>\n<p>Desaprendiendo la lecci\u00f3n una vez en el bosque de Suislaw<\/p>\n<p>Dorm\u00ed bajo rododendros<br \/>\ntoda la noche llovieron capullos<br \/>\ntemblando sobre una plancha de cart\u00f3n<br \/>\nlos pies contra la mochila<br \/>\nlas manos hundidas en los bolsillos<br \/>\npudiendo apenas conciliar el sue\u00f1o.<br \/>\nRecord\u00e9 cuando \u00edbamos al colegio<br \/>\nc\u00f3mo dorm\u00edamos juntos en una cama grande y tibia<br \/>\n\u00e9ramos los m\u00e1s j\u00f3venes amantes<br \/>\ncuando rompimos ten\u00edamos a\u00fan diecinueve a\u00f1os<br \/>\ny ahora nuestros amigos est\u00e1n casados<br \/>\nvos sos maestra de escuela en la costa este<br \/>\na m\u00ed no me importa vivir as\u00ed<br \/>\nverdes colinas la larga playa azul<br \/>\npero a veces durmiendo a la intemperie<br \/>\nme acuerdo de cuando te ten\u00eda.<\/p>\n","protected":false},"featured_media":4702,"comment_status":"closed","ping_status":"closed","template":"","meta":[],"class_list":{"0":"post-2963","1":"product","2":"type-product","3":"status-publish","4":"has-post-thumbnail","6":"product_cat-narrativa","7":"post","9":"first","10":"instock","11":"taxable","12":"shipping-taxable","13":"purchasable","14":"product-type-simple"},"_links":{"self":[{"href":"https:\/\/cienfuegos.fr\/index.php\/wp-json\/wp\/v2\/product\/2963","targetHints":{"allow":["GET"]}}],"collection":[{"href":"https:\/\/cienfuegos.fr\/index.php\/wp-json\/wp\/v2\/product"}],"about":[{"href":"https:\/\/cienfuegos.fr\/index.php\/wp-json\/wp\/v2\/types\/product"}],"replies":[{"embeddable":true,"href":"https:\/\/cienfuegos.fr\/index.php\/wp-json\/wp\/v2\/comments?post=2963"}],"wp:featuredmedia":[{"embeddable":true,"href":"https:\/\/cienfuegos.fr\/index.php\/wp-json\/wp\/v2\/media\/4702"}],"wp:attachment":[{"href":"https:\/\/cienfuegos.fr\/index.php\/wp-json\/wp\/v2\/media?parent=2963"}],"curies":[{"name":"wp","href":"https:\/\/api.w.org\/{rel}","templated":true}]}}