{"id":2961,"date":"2020-07-13T17:01:57","date_gmt":"2020-07-13T15:01:57","guid":{"rendered":"https:\/\/cienfuegos.fr\/?post_type=product&#038;p=2961"},"modified":"2020-09-06T01:31:16","modified_gmt":"2020-09-05T23:31:16","slug":"suicidios-ejemplares-2","status":"publish","type":"product","link":"https:\/\/cienfuegos.fr\/index.php\/product\/suicidios-ejemplares-2\/","title":{"rendered":"Suicidios ejemplares"},"content":{"rendered":"","protected":false},"excerpt":{"rendered":"<p>Autor: Vila Matas, Enrique<br \/>\nEditorial: Anagrama<br \/>\nA\u00f1o de publicaci\u00f3n:<br \/>\nN\u00famero de p\u00e1ginas:<br \/>\nI.S.B.N:<\/p>\n<p>2 edici\u00f3n. Muy buen estado. En el pr\u00f3logo de esta singular\u00edsima colecci\u00f3n de suicidios imaginarios se nos habla de unos grafitti misteriosos que hace unos a\u00f1os comenzaron a aparecer en la ciudad nueva de Fez, en Marruecos: \u00abSe descubri\u00f3 que los trazaba un vagabundo, un campesino emigrado que no se hab\u00eda integrado en la vida urbana y que para orientarse deb\u00eda marcar itinerarios de su propio mapa secreto, superponi\u00e9ndolos a la topograf\u00eda de la ciudad moderna que le era extra\u00f1a y hostil&#8230;\u00bb Pues bien, todo parece indicar que en esta colecci\u00f3n de relatos contra la vida extra\u00f1a y hostil el autor obra como el vagabundo de Fez e intenta orientarse en el laberinto del suicidio a base de marcar el itinerario de su propio mapa secreto y literario: \u00abY eso me lleva a pensar en Pessoa (&#8216;Viajar, perder pa\u00edses&#8217;) y a parafrasearlo: Viajar, perder suicidios; perderlos todos. Viajar hasta que se agoten las nobles opciones de muerte que existen\u00bb. Viajar y perder pa\u00edses, inventar personajes que evitan que nos arrojemos al vac\u00edo, adentrarse a tumba abierta en la realidad, perseguir con gran fatiga vidas ajenas, morir de esa pasi\u00f3n extrema que puede ser el amor, coleccionar tempestades, interiorizar a los muertos, perderse, resignarse a la grisura de la vida, practicar la saudade, convertirse en fantasma: \u00e9stas son algunas de las nobles suertes de muerte o despedidas ir\u00f3nicas de la vida que habitan las p\u00e1ginas de esta colecci\u00f3n de sutiles suicidios y van trazando un inquietante itinerario moral a trav\u00e9s del tema de la muerte por mano propia, sin sucumbir al suicidio pero tambi\u00e9n sin escapar de \u00e9l.<\/p>\n","protected":false},"featured_media":4700,"comment_status":"closed","ping_status":"closed","template":"","meta":[],"class_list":{"0":"post-2961","1":"product","2":"type-product","3":"status-publish","4":"has-post-thumbnail","6":"product_cat-narrativa","7":"post","9":"first","10":"instock","11":"taxable","12":"shipping-taxable","13":"purchasable","14":"product-type-simple"},"_links":{"self":[{"href":"https:\/\/cienfuegos.fr\/index.php\/wp-json\/wp\/v2\/product\/2961","targetHints":{"allow":["GET"]}}],"collection":[{"href":"https:\/\/cienfuegos.fr\/index.php\/wp-json\/wp\/v2\/product"}],"about":[{"href":"https:\/\/cienfuegos.fr\/index.php\/wp-json\/wp\/v2\/types\/product"}],"replies":[{"embeddable":true,"href":"https:\/\/cienfuegos.fr\/index.php\/wp-json\/wp\/v2\/comments?post=2961"}],"wp:featuredmedia":[{"embeddable":true,"href":"https:\/\/cienfuegos.fr\/index.php\/wp-json\/wp\/v2\/media\/4700"}],"wp:attachment":[{"href":"https:\/\/cienfuegos.fr\/index.php\/wp-json\/wp\/v2\/media?parent=2961"}],"curies":[{"name":"wp","href":"https:\/\/api.w.org\/{rel}","templated":true}]}}