{"id":2959,"date":"2020-07-13T17:01:54","date_gmt":"2020-07-13T15:01:54","guid":{"rendered":"https:\/\/cienfuegos.fr\/?post_type=product&#038;p=2959"},"modified":"2020-09-06T01:32:26","modified_gmt":"2020-09-05T23:32:26","slug":"un-ano-en-el-budismo-tibetano-2","status":"publish","type":"product","link":"https:\/\/cienfuegos.fr\/index.php\/product\/un-ano-en-el-budismo-tibetano-2\/","title":{"rendered":"Un a\u00f1o en el budismo tibetano"},"content":{"rendered":"","protected":false},"excerpt":{"rendered":"<p>Autor: Olivero, Sebasti\u00e0n<br \/>\nEditorial: Mansalva<br \/>\nA\u00f1o de publicaci\u00f3n:<br \/>\nN\u00famero de p\u00e1ginas:<br \/>\nI.S.B.N : 9789871474929<\/p>\n<p>\u00ab\u00bfNovela de aprendizaje, memorias, diario personal, manual de budismo para principiantes? Un a\u00f1o en el budismo tibetano es todo eso y mucho m\u00e1s, una manera de verse a s\u00ed mismo en el mundo de una manera completamente propia. El rinc\u00f3n de una vida, de una mente nacida para contarse. Un libro que proclama en voz alta, con pericia, con una astucia completamente adulta ya, su radical inmadurez\u00bb. Rafael Gumucio \u00ab,,,,taxable,,1,1,,0,0,0.6,,,,1,,,20,Diarios y biograf\u00eca<\/p>\n","protected":false},"featured_media":4698,"comment_status":"closed","ping_status":"closed","template":"","meta":[],"class_list":{"0":"post-2959","1":"product","2":"type-product","3":"status-publish","4":"has-post-thumbnail","6":"product_cat-ensayo-narrativa","7":"post","9":"first","10":"instock","11":"taxable","12":"shipping-taxable","13":"purchasable","14":"product-type-simple"},"_links":{"self":[{"href":"https:\/\/cienfuegos.fr\/index.php\/wp-json\/wp\/v2\/product\/2959","targetHints":{"allow":["GET"]}}],"collection":[{"href":"https:\/\/cienfuegos.fr\/index.php\/wp-json\/wp\/v2\/product"}],"about":[{"href":"https:\/\/cienfuegos.fr\/index.php\/wp-json\/wp\/v2\/types\/product"}],"replies":[{"embeddable":true,"href":"https:\/\/cienfuegos.fr\/index.php\/wp-json\/wp\/v2\/comments?post=2959"}],"wp:featuredmedia":[{"embeddable":true,"href":"https:\/\/cienfuegos.fr\/index.php\/wp-json\/wp\/v2\/media\/4698"}],"wp:attachment":[{"href":"https:\/\/cienfuegos.fr\/index.php\/wp-json\/wp\/v2\/media?parent=2959"}],"curies":[{"name":"wp","href":"https:\/\/api.w.org\/{rel}","templated":true}]}}