{"id":2956,"date":"2020-07-13T17:01:49","date_gmt":"2020-07-13T15:01:49","guid":{"rendered":"https:\/\/cienfuegos.fr\/?post_type=product&#038;p=2956"},"modified":"2020-08-01T19:12:42","modified_gmt":"2020-08-01T17:12:42","slug":"montoneros-ideologia-y-politica-en-el-descamisado-2","status":"publish","type":"product","link":"https:\/\/cienfuegos.fr\/index.php\/product\/montoneros-ideologia-y-politica-en-el-descamisado-2\/","title":{"rendered":"Montoneros: ideolog\u00eda y pol\u00edtica en el descamisado"},"content":{"rendered":"","protected":false},"excerpt":{"rendered":"<p>Autor: Nadra, Gisela<br \/>\nEditorial: Corregidor<br \/>\nA\u00f1o de publicaci\u00f3n:<br \/>\nN\u00famero de p\u00e1ginas:<br \/>\nI.S.B.N : 978-950051955-7<\/p>\n<p>\u00bfQui\u00e9nes fueron los Montoneros? \u00bfQu\u00e9 inspir\u00f3 a tantas personas en particular, a tantos j\u00f3venes a seguir sus consignas? \u00bfCu\u00e1les eran esas consignas? \u00bfCu\u00e1les sus limitaciones? Con el retorno de la democracia, en 1983, aparecieron las primeras obras acerca de Montoneros y, a fines de los 90 se produjo una explosi\u00f3n editorial acerca de la llamada militancia revolucionaria de entre 1960 y 1982. Cada uno de estos trabajos aporta desde alg\u00fan \u00e1ngulo con inclinaci\u00f3n hist\u00f3rica, con aspiraci\u00f3n acad\u00e9mica, o simplemente testimonial a la respuesta de los interrogantes planteados. Pero ninguno responde de una manera sistematizada un interrogante esencial para entender el fen\u00f3meno Montoneros: la organizaci\u00f3n \u00bfrealmente ten\u00eda una ideolog\u00eda definida? Y en caso afirmativo, \u00bfcu\u00e1l era? Este libro elaborado a partir de una exhaustiva documentaci\u00f3n y el an\u00e1lisis pormenorizado de El Descamisado (publicaci\u00f3n que la organizaci\u00f3n difundi\u00f3 legalmente hasta su clausura en abril de 1974, con una tirada superior a los 100 mil ejemplares) lo responde. De manera sencilla, accesible y entretenida para cualquier lector. Pero, al mismo tiempo, permitiendo una visi\u00f3n m\u00e1s compleja y profunda para aquel que desea adentrarse en reflexiones sobre ideolog\u00eda en sus sentidos fuerte y d\u00e9bil; socializaci\u00f3n latente y manifiesta; identidad social; efectos de fusi\u00f3n y transformaci\u00f3n en el campo ideol\u00f3gico. En s\u00edntesis, una sistematizaci\u00f3n de an\u00e1lisis previos sobre el fen\u00f3meno, encarados con interesant\u00edsimas herramientas para investigadores y acad\u00e9micos. Una lectura imperdible para cualquiera interesado en la militancia revolucionaria de aquellos a\u00f1os. Sin el facilismo de saborizar con an\u00e9cdotas lo que es un riguroso ensayo, el libro impacta y atrapa gracias a una prosa cuidada y su claridad de conceptos. Se podr\u00e1 coincidir o disentir con sus conclusiones, pero Corregidor presenta un trabajo llamado a ser material de consulta ineludible sobre una \u00e9poca cr\u00edtica de la historia argentina.<\/p>\n","protected":false},"featured_media":0,"comment_status":"closed","ping_status":"closed","template":"","meta":[],"class_list":{"0":"post-2956","1":"product","2":"type-product","3":"status-publish","5":"product_cat-historia","6":"post","8":"first","9":"instock","10":"taxable","11":"shipping-taxable","12":"purchasable","13":"product-type-simple"},"_links":{"self":[{"href":"https:\/\/cienfuegos.fr\/index.php\/wp-json\/wp\/v2\/product\/2956","targetHints":{"allow":["GET"]}}],"collection":[{"href":"https:\/\/cienfuegos.fr\/index.php\/wp-json\/wp\/v2\/product"}],"about":[{"href":"https:\/\/cienfuegos.fr\/index.php\/wp-json\/wp\/v2\/types\/product"}],"replies":[{"embeddable":true,"href":"https:\/\/cienfuegos.fr\/index.php\/wp-json\/wp\/v2\/comments?post=2956"}],"wp:attachment":[{"href":"https:\/\/cienfuegos.fr\/index.php\/wp-json\/wp\/v2\/media?parent=2956"}],"curies":[{"name":"wp","href":"https:\/\/api.w.org\/{rel}","templated":true}]}}