{"id":2955,"date":"2020-07-13T17:01:47","date_gmt":"2020-07-13T15:01:47","guid":{"rendered":"https:\/\/cienfuegos.fr\/?post_type=product&#038;p=2955"},"modified":"2020-08-01T19:14:19","modified_gmt":"2020-08-01T17:14:19","slug":"manuscrito-de-un-desaparecido-en-la-esma-2","status":"publish","type":"product","link":"https:\/\/cienfuegos.fr\/index.php\/product\/manuscrito-de-un-desaparecido-en-la-esma-2\/","title":{"rendered":"Manuscrito de un desaparecido en la Esma"},"content":{"rendered":"","protected":false},"excerpt":{"rendered":"<p>Autor: Gasparini<br \/>\nEditorial: Norma<br \/>\nA\u00f1o de publicaci\u00f3n:<br \/>\nN\u00famero de p\u00e1ginas:<br \/>\nI.S.B.N : 978-9875453784<\/p>\n<p>Incluye: Un pibe de Tacuara; Operaci\u00f3n Rosaura; La c\u00e1rcel y la guerrilla; Las FAP; La saga del marpione; La ca\u00edda; El libro de Jorge Caffatti; Anexo documental. Firma y sello de antiguo due\u00f1o en la anteportada. Pocas marcas de lectura y notas marginales en l\u00e1piz negro y rojo.<\/p>\n","protected":false},"featured_media":4694,"comment_status":"closed","ping_status":"closed","template":"","meta":[],"class_list":{"0":"post-2955","1":"product","2":"type-product","3":"status-publish","4":"has-post-thumbnail","6":"product_cat-diarios-y-biografias-historia","7":"post","9":"first","10":"instock","11":"taxable","12":"shipping-taxable","13":"purchasable","14":"product-type-simple"},"_links":{"self":[{"href":"https:\/\/cienfuegos.fr\/index.php\/wp-json\/wp\/v2\/product\/2955","targetHints":{"allow":["GET"]}}],"collection":[{"href":"https:\/\/cienfuegos.fr\/index.php\/wp-json\/wp\/v2\/product"}],"about":[{"href":"https:\/\/cienfuegos.fr\/index.php\/wp-json\/wp\/v2\/types\/product"}],"replies":[{"embeddable":true,"href":"https:\/\/cienfuegos.fr\/index.php\/wp-json\/wp\/v2\/comments?post=2955"}],"wp:featuredmedia":[{"embeddable":true,"href":"https:\/\/cienfuegos.fr\/index.php\/wp-json\/wp\/v2\/media\/4694"}],"wp:attachment":[{"href":"https:\/\/cienfuegos.fr\/index.php\/wp-json\/wp\/v2\/media?parent=2955"}],"curies":[{"name":"wp","href":"https:\/\/api.w.org\/{rel}","templated":true}]}}