{"id":2950,"date":"2020-07-13T17:01:38","date_gmt":"2020-07-13T15:01:38","guid":{"rendered":"https:\/\/cienfuegos.fr\/?post_type=product&#038;p=2950"},"modified":"2022-04-01T16:52:28","modified_gmt":"2022-04-01T14:52:28","slug":"que-es-el-budismo-2","status":"publish","type":"product","link":"https:\/\/cienfuegos.fr\/index.php\/product\/que-es-el-budismo-2\/","title":{"rendered":"\u00bfQu\u00e9 es el budismo?"},"content":{"rendered":"","protected":false},"excerpt":{"rendered":"<p>Autor: Borges, Jorge Luis; Jurado, Alicia<br \/>\nEditorial: Emec\u00e9<br \/>\nA\u00f1o de publicaci\u00f3n:<br \/>\nN\u00famero de p\u00e1ginas:<br \/>\nI.S.B.N:<\/p>\n<p>Borges efect\u00faa en este an\u00e1lisis una especie de introducci\u00f3n al budismo, el que es visto desde distintos \u00e1ngulos. Se trata aqu\u00ed del Budha legendario y del hist\u00f3rico, del Sankhyam y el Vedanta, la cosmolog\u00eda, la transmigraci\u00f3n, el Mahayana y el lama\u00edsmo, el Tantra, el Zen y finalmente la \u00e9tica budista.<\/p>\n","protected":false},"featured_media":4689,"comment_status":"closed","ping_status":"closed","template":"","meta":[],"class_list":{"0":"post-2950","1":"product","2":"type-product","3":"status-publish","4":"has-post-thumbnail","6":"product_cat-ensayo","7":"post","9":"first","10":"onbackorder","11":"taxable","12":"shipping-taxable","13":"purchasable","14":"product-type-simple"},"_links":{"self":[{"href":"https:\/\/cienfuegos.fr\/index.php\/wp-json\/wp\/v2\/product\/2950","targetHints":{"allow":["GET"]}}],"collection":[{"href":"https:\/\/cienfuegos.fr\/index.php\/wp-json\/wp\/v2\/product"}],"about":[{"href":"https:\/\/cienfuegos.fr\/index.php\/wp-json\/wp\/v2\/types\/product"}],"replies":[{"embeddable":true,"href":"https:\/\/cienfuegos.fr\/index.php\/wp-json\/wp\/v2\/comments?post=2950"}],"wp:featuredmedia":[{"embeddable":true,"href":"https:\/\/cienfuegos.fr\/index.php\/wp-json\/wp\/v2\/media\/4689"}],"wp:attachment":[{"href":"https:\/\/cienfuegos.fr\/index.php\/wp-json\/wp\/v2\/media?parent=2950"}],"curies":[{"name":"wp","href":"https:\/\/api.w.org\/{rel}","templated":true}]}}