{"id":2945,"date":"2020-07-13T17:01:30","date_gmt":"2020-07-13T15:01:30","guid":{"rendered":"https:\/\/cienfuegos.fr\/?post_type=product&#038;p=2945"},"modified":"2020-08-01T19:45:44","modified_gmt":"2020-08-01T17:45:44","slug":"silencio-pentacker-2","status":"publish","type":"product","link":"https:\/\/cienfuegos.fr\/index.php\/product\/silencio-pentacker-2\/","title":{"rendered":"Silencio Pentacker"},"content":{"rendered":"","protected":false},"excerpt":{"rendered":"<p>Autor: Lombardo, Mart\u00edn<br \/>\nEditorial: Eduvim<br \/>\nA\u00f1o de publicaci\u00f3n:<br \/>\nN\u00famero de p\u00e1ginas:<br \/>\nI.S.B.N:<\/p>\n<p>El inefable Pentacker, protagonista de esta novela, es capaz de observar el misterio que subyace en la p\u00e1gina veinticuatro de todo libro o la relaci\u00f3n entre el mingitorio de Duchamp y las fiestas a las que concurre. En lugar de lidiar con la vida, la vida le sugiere ideas y movimientos. Los pa\u00edses en los que vive siempre le son ajenos. Y las fronteras le marcan su mirada del mundo: la universidad se entiende desde bares de mala muerte; las cr\u00f3nicas period\u00edsticas se escriben a puertas cerradas; el amor se vive en ausencia. Pentacker no busca nada; sabe que algo existe, pero sabe que no hay camino posible para alcanzarlo. Entonces, sobrevive. Y en la supervivencia, su voz. \u00abSuperflua, pat\u00e9tica y p\u00edcara, la vida de Pentacker es una f\u00e1bula de la precariedad actual de la escritura. Con humor, trazo liviano, gracia y agudeza, el autor cuenta con nuestra complicidad: todos conocemos a alg\u00fan plum\u00edfero abri\u00e9ndose camino. S\u00f3lo que al final, Pentacker es un espejo que refleja la vida p\u00fablica de la literatura. Y en ese espejo el lector tiene un papel.\u00bb Julio Ortega<\/p>\n","protected":false},"featured_media":4685,"comment_status":"closed","ping_status":"closed","template":"","meta":[],"class_list":{"0":"post-2945","1":"product","2":"type-product","3":"status-publish","4":"has-post-thumbnail","6":"product_cat-narrativa","7":"post","9":"first","10":"instock","11":"taxable","12":"shipping-taxable","13":"purchasable","14":"product-type-simple"},"_links":{"self":[{"href":"https:\/\/cienfuegos.fr\/index.php\/wp-json\/wp\/v2\/product\/2945","targetHints":{"allow":["GET"]}}],"collection":[{"href":"https:\/\/cienfuegos.fr\/index.php\/wp-json\/wp\/v2\/product"}],"about":[{"href":"https:\/\/cienfuegos.fr\/index.php\/wp-json\/wp\/v2\/types\/product"}],"replies":[{"embeddable":true,"href":"https:\/\/cienfuegos.fr\/index.php\/wp-json\/wp\/v2\/comments?post=2945"}],"wp:featuredmedia":[{"embeddable":true,"href":"https:\/\/cienfuegos.fr\/index.php\/wp-json\/wp\/v2\/media\/4685"}],"wp:attachment":[{"href":"https:\/\/cienfuegos.fr\/index.php\/wp-json\/wp\/v2\/media?parent=2945"}],"curies":[{"name":"wp","href":"https:\/\/api.w.org\/{rel}","templated":true}]}}