{"id":2941,"date":"2020-07-13T17:01:24","date_gmt":"2020-07-13T15:01:24","guid":{"rendered":"https:\/\/cienfuegos.fr\/?post_type=product&#038;p=2941"},"modified":"2020-09-08T09:56:16","modified_gmt":"2020-09-08T07:56:16","slug":"telemaco-en-la-isla-de-calipso-2","status":"publish","type":"product","link":"https:\/\/cienfuegos.fr\/index.php\/product\/telemaco-en-la-isla-de-calipso-2\/","title":{"rendered":"Tel\u00e9maco en la isla de Calipso"},"content":{"rendered":"","protected":false},"excerpt":{"rendered":"<p>Autor: Berm\u00fadez de la Torre y Solier, Jos\u00e9<br \/>\nEditorial: Ediciones Pontificia universidad cat\u00f3lica<br \/>\nA\u00f1o de publicaci\u00f3n:<br \/>\nN\u00famero de p\u00e1ginas:<br \/>\nI.S.B.N:<\/p>\n<p>Edici\u00f3n numerada de 500 ejemplares. Ejemplar n\u00b0 76. Colecci\u00f3n a cargo de Ricardo Silva-Santisteban. Es la primera edici\u00f3n completa de esta obra cumbre de la poes\u00eda peruana del siglo XVIII<\/p>\n","protected":false},"featured_media":5577,"comment_status":"closed","ping_status":"closed","template":"","meta":[],"class_list":{"0":"post-2941","1":"product","2":"type-product","3":"status-publish","4":"has-post-thumbnail","6":"product_cat-poesia","7":"post","9":"first","10":"instock","11":"taxable","12":"shipping-taxable","13":"purchasable","14":"product-type-simple"},"_links":{"self":[{"href":"https:\/\/cienfuegos.fr\/index.php\/wp-json\/wp\/v2\/product\/2941","targetHints":{"allow":["GET"]}}],"collection":[{"href":"https:\/\/cienfuegos.fr\/index.php\/wp-json\/wp\/v2\/product"}],"about":[{"href":"https:\/\/cienfuegos.fr\/index.php\/wp-json\/wp\/v2\/types\/product"}],"replies":[{"embeddable":true,"href":"https:\/\/cienfuegos.fr\/index.php\/wp-json\/wp\/v2\/comments?post=2941"}],"wp:featuredmedia":[{"embeddable":true,"href":"https:\/\/cienfuegos.fr\/index.php\/wp-json\/wp\/v2\/media\/5577"}],"wp:attachment":[{"href":"https:\/\/cienfuegos.fr\/index.php\/wp-json\/wp\/v2\/media?parent=2941"}],"curies":[{"name":"wp","href":"https:\/\/api.w.org\/{rel}","templated":true}]}}