{"id":2934,"date":"2020-07-13T17:01:12","date_gmt":"2020-07-13T15:01:12","guid":{"rendered":"https:\/\/cienfuegos.fr\/?post_type=product&#038;p=2934"},"modified":"2020-08-01T20:16:34","modified_gmt":"2020-08-01T18:16:34","slug":"querido-sobrino-cartas-a-francisco-rabal-2","status":"publish","type":"product","link":"https:\/\/cienfuegos.fr\/index.php\/product\/querido-sobrino-cartas-a-francisco-rabal-2\/","title":{"rendered":"Querido sobrino. Cartas a Francisco Rabal"},"content":{"rendered":"","protected":false},"excerpt":{"rendered":"<p>Autor: Bu\u00f1uel, Luis<br \/>\nEditorial: Pre-textos<br \/>\nA\u00f1o de publicaci\u00f3n:<br \/>\nN\u00famero de p\u00e1ginas:<br \/>\nI.S.B.N : 84-8191-364-2<\/p>\n<p>Si Luis Bu\u00f1uel no hubiese existido no sabr\u00edamos que la transgresi\u00f3n no es s\u00f3lo un deseo del car\u00e1cter cultural, sino un estado real de la inteligencia perspicaz, una desestructuralizaci\u00f3n progresiva de la \u00fanica y primera obra, la convulsi\u00f3n de una religi\u00f3n propia aceptada en una libertad moral fomentada por su imaginaci\u00f3n, entre las tinieblas y la certeza; una memoria inquietante y apasionada del inconsciente, entre el sue\u00f1o como met\u00e1fora y una realidad subconsciente, trallazos de su capacidad de provocar extra\u00f1amiento; denuncia contra la burgues\u00eda y espejo cr\u00edtico de una sociedad aplastada, subterr\u00e1nea, que se nos descubre real, en el conjunto de una plasticidad sorprendente, de una po\u00e9tica cinematogr\u00e1fica, de una poes\u00eda. Este esp\u00edritu queda sobradamente recogido en este epistolario que Luis Bu\u00f1uel dirije a Francisco Rabal, que escribi\u00f3 sobre \u00e9l \u00abBu\u00f1uel sigue vivo para m\u00ed. Hablo con \u00e9l en sue\u00f1os y me despierto ri\u00e9ndome.\u00bb<\/p>\n","protected":false},"featured_media":4676,"comment_status":"closed","ping_status":"closed","template":"","meta":[],"class_list":{"0":"post-2934","1":"product","2":"type-product","3":"status-publish","4":"has-post-thumbnail","6":"product_cat-cine-epistolarios","7":"post","9":"first","10":"instock","11":"taxable","12":"shipping-taxable","13":"purchasable","14":"product-type-simple"},"_links":{"self":[{"href":"https:\/\/cienfuegos.fr\/index.php\/wp-json\/wp\/v2\/product\/2934","targetHints":{"allow":["GET"]}}],"collection":[{"href":"https:\/\/cienfuegos.fr\/index.php\/wp-json\/wp\/v2\/product"}],"about":[{"href":"https:\/\/cienfuegos.fr\/index.php\/wp-json\/wp\/v2\/types\/product"}],"replies":[{"embeddable":true,"href":"https:\/\/cienfuegos.fr\/index.php\/wp-json\/wp\/v2\/comments?post=2934"}],"wp:featuredmedia":[{"embeddable":true,"href":"https:\/\/cienfuegos.fr\/index.php\/wp-json\/wp\/v2\/media\/4676"}],"wp:attachment":[{"href":"https:\/\/cienfuegos.fr\/index.php\/wp-json\/wp\/v2\/media?parent=2934"}],"curies":[{"name":"wp","href":"https:\/\/api.w.org\/{rel}","templated":true}]}}