{"id":2932,"date":"2020-07-13T17:01:09","date_gmt":"2020-07-13T15:01:09","guid":{"rendered":"https:\/\/cienfuegos.fr\/?post_type=product&#038;p=2932"},"modified":"2020-08-01T20:20:38","modified_gmt":"2020-08-01T18:20:38","slug":"pliegues-chile-cultura-y-memoria-1990-2013-2","status":"publish","type":"product","link":"https:\/\/cienfuegos.fr\/index.php\/product\/pliegues-chile-cultura-y-memoria-1990-2013-2\/","title":{"rendered":"Pliegues. Chile\u00a0: cultura y memoria (1990-2013)"},"content":{"rendered":"","protected":false},"excerpt":{"rendered":"<p>Autor: Bianchi, Soledad<br \/>\nEditorial: Cuneta<br \/>\nA\u00f1o de publicaci\u00f3n:<br \/>\nN\u00famero de p\u00e1ginas:<br \/>\nI.S.B.N : 9789568947361<\/p>\n<p>El recorrido al que la autora nos invita en Pliegues, abarca las dos d\u00e9cadas posteriores al t\u00e9rmino de la dictadura (1990-2013). La escritura transita por diversas manifestaciones y espacios de lo social que construyen nuevas formas culturales en una \u00e9poca que supusimos de transici\u00f3n pero que m\u00e1s bien consolid\u00f3 los valores del capitalismo neoliberal. Expresiones est\u00e9ticas, situaciones, hechos, noticias, efectos de la publicidad, de la TV, modificaciones de la urbe, de la pol\u00edtica se transforman en objetos de memorias que a su vez abren la lectura a nuevas significaciones. Pliegues interroga, reflexiona, desacraliza, comprometi\u00e9ndose con posicionamientos que evitan caer en la trampa de una supuesta objetividad. Pol\u00edtica escritural de lo micro, lo diseminado, sin desatender lo macro, Soledad Bianchi recorre en este libro experiencias, modos de vida y normativas que han uniformado y homogeneizado las perspectivas, los proyectos personales, los deseos, para construir en un lenguaje fuerte, formas de resistencia cultural al avasallamiento del mercado y la globalizaci\u00f3n.<\/p>\n","protected":false},"featured_media":4674,"comment_status":"closed","ping_status":"closed","template":"","meta":[],"class_list":{"0":"post-2932","1":"product","2":"type-product","3":"status-publish","4":"has-post-thumbnail","6":"product_cat-ensayo","7":"post","9":"first","10":"instock","11":"taxable","12":"shipping-taxable","13":"purchasable","14":"product-type-simple"},"_links":{"self":[{"href":"https:\/\/cienfuegos.fr\/index.php\/wp-json\/wp\/v2\/product\/2932","targetHints":{"allow":["GET"]}}],"collection":[{"href":"https:\/\/cienfuegos.fr\/index.php\/wp-json\/wp\/v2\/product"}],"about":[{"href":"https:\/\/cienfuegos.fr\/index.php\/wp-json\/wp\/v2\/types\/product"}],"replies":[{"embeddable":true,"href":"https:\/\/cienfuegos.fr\/index.php\/wp-json\/wp\/v2\/comments?post=2932"}],"wp:featuredmedia":[{"embeddable":true,"href":"https:\/\/cienfuegos.fr\/index.php\/wp-json\/wp\/v2\/media\/4674"}],"wp:attachment":[{"href":"https:\/\/cienfuegos.fr\/index.php\/wp-json\/wp\/v2\/media?parent=2932"}],"curies":[{"name":"wp","href":"https:\/\/api.w.org\/{rel}","templated":true}]}}