{"id":2929,"date":"2020-07-13T17:01:03","date_gmt":"2020-07-13T15:01:03","guid":{"rendered":"https:\/\/cienfuegos.fr\/?post_type=product&#038;p=2929"},"modified":"2020-09-06T02:15:21","modified_gmt":"2020-09-06T00:15:21","slug":"panorama-interzona-2","status":"publish","type":"product","link":"https:\/\/cienfuegos.fr\/index.php\/product\/panorama-interzona-2\/","title":{"rendered":"Panorama Interzona"},"content":{"rendered":"","protected":false},"excerpt":{"rendered":"<p>Autor: Drucaroff, Elsa (comp.); AAVV (Bruno Petroni, Sebasti\u00e1n Kirszner, Federico Penelas, Azucena Galettini, Roc\u00edo Navarro, Flor Monfort, Juan Guinot, Ignacio Apolo, Eva Del Rosario, Federico Torres, Hugo Salas, Eugenia Segura, Ignacio Uranga, Enzo Maqueira, Edgardo Scott, Agustina Gatto, Susana Campos, Nicol\u00e1s Mavrakis, Tony Zalazar, Daniela Allerbon, Hern\u00e1n Dom\u00ednguez Nimo, Oscar Fari\u00f1a, Sebasti\u00e1n Hernaiz, Ariadna Castellarnau, Maruja Bustamante, David Voloj, Sol Echevarr\u00eda)<br \/>\nEditorial: Interzona<br \/>\nA\u00f1o de publicaci\u00f3n:<br \/>\nN\u00famero de p\u00e1ginas:<br \/>\nI.S.B.N : 978-987-1180-71-4<\/p>\n<p>El mundo de la literatura, en los \u00faltimos a\u00f1os, vio nacer, crecer y afianzarse a una gran diversidad de autores. Autores que, con el apoyo de las florecientes editoriales independientes y de las nuevas tecnolog\u00edas, consolidaron su obra y sus lazos. En esa marea de novedades, y haciendo una vez m\u00e1s una apuesta a las vanguardias literarias, interZona convoc\u00f3 a Elsa Drucaroff \u2013referente indiscutido de la investigaci\u00f3n y teorizaci\u00f3n de la nueva narrativa argentina\u2013 para que elaborara un panorama de la nueva literatura, la que se est\u00e1 produciendo en este mismo momento. \u00bfQu\u00e9 escriben los j\u00f3venes que han nacido y crecido en la postdictadura? \u00bfQu\u00e9 y c\u00f3mo se escribe despu\u00e9s del 19 y 20 de diciembre de 2001?<\/p>\n<p>Este libro es un mapa literario de los m\u00e1s nuevo, una muestra de lo que se esta gestando, lo que emerge.<\/p>\n<p>Separado en ejes tem\u00e1ticos como violencia y medios masivos; sexo, g\u00e9neros y poder; asesinatos y exterminio, entre otros, en esta antolog\u00eda conviven cuentos cortos, poemas, cr\u00edticas y teatro.<\/p>\n","protected":false},"featured_media":4671,"comment_status":"closed","ping_status":"closed","template":"","meta":[],"class_list":{"0":"post-2929","1":"product","2":"type-product","3":"status-publish","4":"has-post-thumbnail","6":"product_cat-narrativa","7":"post","9":"first","10":"instock","11":"taxable","12":"shipping-taxable","13":"purchasable","14":"product-type-simple"},"_links":{"self":[{"href":"https:\/\/cienfuegos.fr\/index.php\/wp-json\/wp\/v2\/product\/2929","targetHints":{"allow":["GET"]}}],"collection":[{"href":"https:\/\/cienfuegos.fr\/index.php\/wp-json\/wp\/v2\/product"}],"about":[{"href":"https:\/\/cienfuegos.fr\/index.php\/wp-json\/wp\/v2\/types\/product"}],"replies":[{"embeddable":true,"href":"https:\/\/cienfuegos.fr\/index.php\/wp-json\/wp\/v2\/comments?post=2929"}],"wp:featuredmedia":[{"embeddable":true,"href":"https:\/\/cienfuegos.fr\/index.php\/wp-json\/wp\/v2\/media\/4671"}],"wp:attachment":[{"href":"https:\/\/cienfuegos.fr\/index.php\/wp-json\/wp\/v2\/media?parent=2929"}],"curies":[{"name":"wp","href":"https:\/\/api.w.org\/{rel}","templated":true}]}}