{"id":2928,"date":"2020-07-13T17:01:01","date_gmt":"2020-07-13T15:01:01","guid":{"rendered":"https:\/\/cienfuegos.fr\/?post_type=product&#038;p=2928"},"modified":"2020-09-08T09:26:04","modified_gmt":"2020-09-08T07:26:04","slug":"un-asterisco-polonia-2","status":"publish","type":"product","link":"https:\/\/cienfuegos.fr\/index.php\/product\/un-asterisco-polonia-2\/","title":{"rendered":"Un asterisco Polonia"},"content":{"rendered":"","protected":false},"excerpt":{"rendered":"<p>Autor: Kozer, Jos\u00e9<br \/>\nEditorial: Audisea<br \/>\nA\u00f1o de publicaci\u00f3n:<br \/>\nN\u00famero de p\u00e1ginas:<br \/>\nI.S.B.N:<\/p>\n<p>Un asterisco Polonia es un poemario escrito por un cubano expatriado que vive actualmente en Estados Unidos y lleva la lengua \u2014perdida, por eso mismo po\u00e9tica\u2014 de Ch\u00e9jonov, la aldea natal de su padre en la frontera con Ucrania, pueblo que m\u00e1s tarde los nazis destruyeron hasta volverlo inexistente. La migraci\u00f3n de Kozer es doble: desde el ni\u00f1o que comienza a escribir en el cuarto con muebles de caoba durante las horas muertas en La Habana, hasta el hombre que lleva al d\u00eda de la fecha m\u00e1s de once mil poemas escritos. Pero tambi\u00e9n la escritura de Jos\u00e9 migra del yiddish al cubano y del cubano al ingl\u00e9s, que es como decir: de las r\u00e9moras de la guerra en Polonia, pasando por esa Cuba en plena estampida revolucionaria hasta las fauces mismas de occidente. Recordemos del lat\u00edn occidens: el que mata y el que muere.<\/p>\n","protected":false},"featured_media":5567,"comment_status":"closed","ping_status":"closed","template":"","meta":[],"class_list":{"0":"post-2928","1":"product","2":"type-product","3":"status-publish","4":"has-post-thumbnail","6":"product_cat-poesia","7":"post","9":"first","10":"instock","11":"taxable","12":"shipping-taxable","13":"purchasable","14":"product-type-simple"},"_links":{"self":[{"href":"https:\/\/cienfuegos.fr\/index.php\/wp-json\/wp\/v2\/product\/2928","targetHints":{"allow":["GET"]}}],"collection":[{"href":"https:\/\/cienfuegos.fr\/index.php\/wp-json\/wp\/v2\/product"}],"about":[{"href":"https:\/\/cienfuegos.fr\/index.php\/wp-json\/wp\/v2\/types\/product"}],"replies":[{"embeddable":true,"href":"https:\/\/cienfuegos.fr\/index.php\/wp-json\/wp\/v2\/comments?post=2928"}],"wp:featuredmedia":[{"embeddable":true,"href":"https:\/\/cienfuegos.fr\/index.php\/wp-json\/wp\/v2\/media\/5567"}],"wp:attachment":[{"href":"https:\/\/cienfuegos.fr\/index.php\/wp-json\/wp\/v2\/media?parent=2928"}],"curies":[{"name":"wp","href":"https:\/\/api.w.org\/{rel}","templated":true}]}}